{"id":2811,"date":"2024-05-22T10:55:54","date_gmt":"2024-05-22T08:55:54","guid":{"rendered":"https:\/\/particulier.mccp-coiffure-bio.ch\/shampooing-sec-anti-polluant\/"},"modified":"2026-03-01T20:44:20","modified_gmt":"2026-03-01T19:44:20","slug":"shampoing-sec-anti-polluant","status":"publish","type":"product","link":"https:\/\/particulier.mccp-coiffure-bio.ch\/de\/produkt\/shampoing-sec-anti-polluant\/","title":{"rendered":"Anti-Schmutz-Trockenshampoo 200 ml"},"content":{"rendered":"<h1>Natulique Anti-Pollution Dry Shampoo: Die Essenz der Haarreinheit<\/h1>\n<h2>Entdecken Sie das Natulique Anti-Pollution Dry Shampoo, die perfekte Wahl f\u00fcr sauberes, frisches Haar, auch in der Stadt.<\/h2>\n<p>Entscheiden Sie sich f\u00fcr Bio-Frisuren mit unserer nat\u00fcrlichen und umweltfreundlichen Haarl\u00f6sung.<\/p>\n<p>Die <strong>Natulique Anti-Pollution Dry Shampoo<\/strong> ist eine revolution\u00e4re Innovation im Bereich des Bio-Haarstylings und wurde speziell f\u00fcr die Bed\u00fcrfnisse von Menschen entwickelt, die in st\u00e4dtischen Gebieten leben. Formuliert mit nat\u00fcrlichen Inhaltsstoffen, entfernt dieses Trockenshampoo effektiv Unreinheiten und Verschmutzungsr\u00fcckst\u00e4nde und hinterl\u00e4sst Ihr Haar sauber, frisch und revitalisiert, ohne dass Sie es mit Wasser auswaschen m\u00fcssen.<\/p>\n<p>Natulique, eine Marke, die f\u00fcr ihr Engagement f\u00fcr biologische und umweltfreundliche Haarprodukte bekannt ist, hat dieses Trockenshampoo entwickelt, um eine praktische und umweltfreundliche L\u00f6sung zu bieten. Durch die Verwendung von Inhaltsstoffen biologischen Ursprungs reduziert dieses Produkt die Auswirkungen von Luftschadstoffen auf Ihr Haar, w\u00e4hrend es gleichzeitig die Gesundheit Ihrer Kopfhaut und das Gleichgewicht der Natur respektiert. Reinheit<\/p>\n<p>Die <strong>Reinheit<\/strong> ist das Herzst\u00fcck der Formulierung von Natulique Anti-Pollution Dry Shampoo. Jeder Inhaltsstoff wird sorgf\u00e4ltig ausgew\u00e4hlt, um eine maximale Wirksamkeit bei gleichzeitiger Minimierung der Umweltauswirkungen zu gew\u00e4hrleisten. Dieses Trockenshampoo ist ein wertvoller Verb\u00fcndeter f\u00fcr professionelle Bio-Friseure und f\u00fcr gesundheits- und umweltbewusste Privatpersonen.<\/p>\n<h3>Merkmale und Vorteile :<\/h3>\n<ol>\n<li><strong>Nat\u00fcrliche Inhaltsstoffe<\/strong> : Formuliert aus biologischen und nat\u00fcrlichen Inhaltsstoffen, ist dieses Trockenshampoo frei von Parabenen, Sulfaten und anderen sch\u00e4dlichen Chemikalien.<\/li>\n<li><strong>Anti-Pollution Action<\/strong> : Entfernt Schmutzpartikel, R\u00fcckst\u00e4nde von Haarpflegeprodukten und Unreinheiten, sodass das Haar wieder seinen nat\u00fcrlichen Glanz erh\u00e4lt.<\/li>\n<li><strong>Einfache Nutzung<\/strong> : Ideal f\u00fcr den schnellen und bequemen Gebrauch, kein Nachsp\u00fclen n\u00f6tig, perfekt f\u00fcr einen vollen Terminkalender.<\/li>\n<li><strong>Umweltfreundlich<\/strong> : Mit einem \u00f6kologischen Ansatz entworfen, der den CO2-Fu\u00dfabdruck und den Wasserverbrauch reduziert.<\/li>\n<li><strong>Geeignet f\u00fcr alle Haartypen<\/strong> : Geeignet f\u00fcr alle Haartypen, auch f\u00fcr sehr sensibles Haar.<\/li>\n<\/ol>\n<p>Natulique Anti-Pollution Dry Shampoo ist auch perfekt, um die Lebensdauer Ihrer Frisur zwischen den Haarw\u00e4schen zu verl\u00e4ngern. Es absorbiert \u00fcbersch\u00fcssigen Talg und verleiht dem Haar wieder mehr Volumen, sodass es sich sofort frisch anf\u00fchlt.<\/p>\n<h3>Warum Natulique w\u00e4hlen?<\/h3>\n<p>Natulique zeichnet sich durch sein unersch\u00fctterliches Engagement f\u00fcr Nachhaltigkeit und Qualit\u00e4t aus. Wenn Sie sich f\u00fcr dieses Trockenshampoo entscheiden, tun Sie nicht nur etwas f\u00fcr Ihr Wohlbefinden, sondern auch f\u00fcr unseren Planeten. Natulique-Produkte sind biologisch zertifiziert und das Ergebnis umfangreicher Forschung, die darauf abzielt, Wirksamkeit und Umweltfreundlichkeit miteinander zu verbinden.<\/p>\n<p>F\u00fcr Friseurprofis ist die Aufnahme des Natulique Anti-Pollution Trockenshampoos in Ihre Produktpalette ein Garant f\u00fcr Qualit\u00e4t und Innovation und erf\u00fcllt die Erwartungen Ihrer Kunden an Bio-Haarpflegeprodukte. F\u00fcr Privatpersonen ist es die Garantie f\u00fcr ein sicheres und leistungsstarkes Produkt, das ideal f\u00fcr den t\u00e4glichen oder gelegentlichen Gebrauch ist.<\/p>\n<p>Die <strong>Natulique Anti-Pollution Dry Shampoo<\/strong> verk\u00f6rpert das Wesen der <strong>Reinheit<\/strong> in der Haarpflege. Wenn Sie sich f\u00fcr dieses Produkt entscheiden, entscheiden Sie sich f\u00fcr eine praktische, wirksame und umweltfreundliche L\u00f6sung. Machen Sie sich die Bio-Frisur zu eigen und lassen Sie Ihr Haar mit Natulique die Natur atmen. Genie\u00dfen Sie die Frische und Leichtigkeit eines Trockenshampoos, das sich um Sie und den Planeten k\u00fcmmert.<\/p>\n<p><strong>Biologische und nat\u00fcrliche Inhaltsstoffe<\/strong><\/p>\n<ul>\n<li><b><strong>Pfirsichbl\u00fctenextrakt<\/strong><\/b>extrem starke Anti-Asphyxia-L\u00f6sung gegen Umweltverschmutzung. Es sch\u00fctzt die Kopfhaut vor Erstickung und bek\u00e4mpft den durch Luftverschmutzung verursachten oxidativen Stress.<\/li>\n<li><b><strong>Biologisches Franz\u00f6sisches Rosen\u00f6lDe<\/strong><\/b>gro\u00dfe entz\u00fcndungshemmende und antioxidative Eigenschaften, enth\u00e4lt eine Reihe von Vitaminen, die die Kopfhaut und das Haar befeuchten und beruhigen.<\/li>\n<li><b><strong>Biologischer Jasminbl\u00fctenextraktRevitalisierend<\/strong><\/b>und versorgt Haut und Haar mit Feuchtigkeit.<\/li>\n<li>Auszug aus <b><strong>Bio-ApfelfruchtExtrem<\/strong><\/b>reich an Vitamin C, spendet Feuchtigkeit und wirkt als Antioxidans f\u00fcr die Kopfhaut und das Haar.<\/li>\n<li><b><strong>Franz\u00f6sischer RosenextraktUn<\/strong><\/b>nat\u00fcrliches Antioxidans und entz\u00fcndungshemmendes Mittel f\u00fcr Kopfhaut und Haare.<\/li>\n<li><b><strong>Sonnenblumenkern-ExtraktVollst\u00e4ndig mit<\/strong><\/b>Aminos\u00e4uren, Fruchts\u00e4uren und Proteinen beruhigt es gereizte Kopfhaut.<\/li>\n<\/ul>\n<p><strong>Gebrauchsanweisung<\/strong> : Halten Sie die Spr\u00fchdose etwa 30 cm vom trockenen Haar entfernt. Von den Augen weg leicht spr\u00fchen und dabei die Schichten \u00fcbereinander legen, um einen st\u00e4rkeren Halt zu erzielen.<\/p>\n<ul>\n<li>Ohne Sulfate<\/li>\n<li>Ohne Parabene<\/li>\n<li>Ohne Paraffin<\/li>\n<li>Bio-Gas DME<\/li>\n<li>Ohne Grausamkeit<\/li>\n<li>Professionelle Qualit\u00e4t<\/li>\n<\/ul>\n<p>Erfahren Sie mehr,<\/p>\n<p><a href=\"https:\/\/mccp-coiffure-bio.ch\/shampoing-sec\/\">https:\/\/mccp-coiffure-bio.ch\/shampoing-sec\/<\/a><\/p>\n<p><strong>Das NATULIQUE-Konzept<\/strong><\/p>\n<p>Sind Sie neugierig darauf, wie eine 100% NATULIQUE Lounge aussieht?<\/p>\n<p><a href=\"https:\/\/natulique.com\/fr\/concept-salon\/\">Erfahren Sie mehr \u00fcber die Vorteile und wie man ein Salonkonzept wird \u2192.<\/a><\/p>","protected":false},"excerpt":{"rendered":"<h2>Natulique Anti-Pollution Dry Shampoo: Die Essenz der Haarreinheit<\/h2>\n<p>Entdecken Sie das Natulique Anti-Pollution Dry Shampoo, die perfekte Wahl f\u00fcr sauberes, frisches Haar, auch in der Stadt.<\/p>\n<p>Entscheiden Sie sich f\u00fcr Bio-Frisuren mit unserer nat\u00fcrlichen und umweltfreundlichen Haarl\u00f6sung.<\/p>\n<p style=\"text-align: left\">Tauchen Sie ein in die Exzellenz der Haarsch\u00f6nheit mit <strong>MCCP BIO-FRISUR<\/strong> Ihr exklusiver Partner f\u00fcr die <strong>Produktvertrieb<\/strong> <strong>Natulisch<\/strong> in<strong> Schweiz<\/strong>. Als engagierte Spezialisten bieten wir Ihnen eine ganze Reihe von <strong>Haarprodukte<\/strong> von professioneller Qualit\u00e4t, die aus erstklassigen biologischen Inhaltsstoffen hergestellt werden. Vertrauen Sie auf unser Fachwissen, um Sie zu einem au\u00dfergew\u00f6hnlichen Haarerlebnis zu f\u00fchren, das Ihren anspruchsvollsten Erwartungen entspricht.<\/p>\n<ul style=\"text-align: left\">\n<li><strong>Bio-Zutaten<\/strong><\/li>\n<li><strong>Vegan<\/strong><\/li>\n<li><strong>Pro-Qualit\u00e4t<\/strong><\/li>\n<li><strong>Recycelbare Verpackung<\/strong><\/li>\n<\/ul>\n<p><img decoding=\"async\" class=\"wp-image-2406 aligncenter\" src=\"https:\/\/particulier.mccp-coiffure-bio.ch\/wp-content\/uploads\/2021\/01\/vegan-society-certification-300x242.png\" alt=\"\" width=\"214\" height=\"172\" srcset=\"https:\/\/particulier.mccp-coiffure-bio.ch\/wp-content\/uploads\/2021\/01\/vegan-society-certification-300x242.png 300w, https:\/\/particulier.mccp-coiffure-bio.ch\/wp-content\/uploads\/2021\/01\/vegan-society-certification.png 529w\" sizes=\"(max-width: 214px) 100vw, 214px\" \/><\/p>","protected":false},"featured_media":2735,"comment_status":"open","ping_status":"closed","template":"","meta":{"ocean_post_layout":"","ocean_both_sidebars_style":"","ocean_both_sidebars_content_width":0,"ocean_both_sidebars_sidebars_width":0,"ocean_sidebar":"0","ocean_second_sidebar":"0","ocean_disable_margins":"enable","ocean_add_body_class":"","ocean_shortcode_before_top_bar":"","ocean_shortcode_after_top_bar":"","ocean_shortcode_before_header":"","ocean_shortcode_after_header":"","ocean_has_shortcode":"","ocean_shortcode_after_title":"","ocean_shortcode_before_footer_widgets":"","ocean_shortcode_after_footer_widgets":"","ocean_shortcode_before_footer_bottom":"","ocean_shortcode_after_footer_bottom":"","ocean_display_top_bar":"default","ocean_display_header":"default","ocean_header_style":"","ocean_center_header_left_menu":"0","ocean_custom_header_template":"0","ocean_custom_logo":0,"ocean_custom_retina_logo":0,"ocean_custom_logo_max_width":0,"ocean_custom_logo_tablet_max_width":0,"ocean_custom_logo_mobile_max_width":0,"ocean_custom_logo_max_height":0,"ocean_custom_logo_tablet_max_height":0,"ocean_custom_logo_mobile_max_height":0,"ocean_header_custom_menu":"0","ocean_menu_typo_font_family":"0","ocean_menu_typo_font_subset":"","ocean_menu_typo_font_size":0,"ocean_menu_typo_font_size_tablet":0,"ocean_menu_typo_font_size_mobile":0,"ocean_menu_typo_font_size_unit":"px","ocean_menu_typo_font_weight":"","ocean_menu_typo_font_weight_tablet":"","ocean_menu_typo_font_weight_mobile":"","ocean_menu_typo_transform":"","ocean_menu_typo_transform_tablet":"","ocean_menu_typo_transform_mobile":"","ocean_menu_typo_line_height":0,"ocean_menu_typo_line_height_tablet":0,"ocean_menu_typo_line_height_mobile":0,"ocean_menu_typo_line_height_unit":"","ocean_menu_typo_spacing":0,"ocean_menu_typo_spacing_tablet":0,"ocean_menu_typo_spacing_mobile":0,"ocean_menu_typo_spacing_unit":"","ocean_menu_link_color":"","ocean_menu_link_color_hover":"","ocean_menu_link_color_active":"","ocean_menu_link_background":"","ocean_menu_link_hover_background":"","ocean_menu_link_active_background":"","ocean_menu_social_links_bg":"","ocean_menu_social_hover_links_bg":"","ocean_menu_social_links_color":"","ocean_menu_social_hover_links_color":"","ocean_disable_title":"default","ocean_disable_heading":"default","ocean_post_title":"","ocean_post_subheading":"","ocean_post_title_style":"","ocean_post_title_background_color":"","ocean_post_title_background":0,"ocean_post_title_bg_image_position":"","ocean_post_title_bg_image_attachment":"","ocean_post_title_bg_image_repeat":"","ocean_post_title_bg_image_size":"","ocean_post_title_height":0,"ocean_post_title_bg_overlay":0.5,"ocean_post_title_bg_overlay_color":"","ocean_disable_breadcrumbs":"default","ocean_breadcrumbs_color":"","ocean_breadcrumbs_separator_color":"","ocean_breadcrumbs_links_color":"","ocean_breadcrumbs_links_hover_color":"","ocean_display_footer_widgets":"default","ocean_display_footer_bottom":"default","ocean_custom_footer_template":"0"},"product_brand":[],"product_cat":[324],"product_tag":[],"class_list":{"0":"post-2811","1":"product","2":"type-product","3":"status-publish","4":"has-post-thumbnail","6":"product_cat-shampoings-naturels","8":"entry","9":"has-media","11":"first","12":"instock","13":"taxable","14":"shipping-taxable","15":"purchasable","16":"product-type-simple","17":"has-product-nav","18":"col","19":"span_1_of_5","20":"owp-content-center","21":"owp-thumbs-layout-horizontal","22":"owp-btn-normal","23":"owp-tabs-layout-horizontal","24":"has-no-thumbnails"},"jetpack_sharing_enabled":true,"_links":{"self":[{"href":"https:\/\/particulier.mccp-coiffure-bio.ch\/de\/wp-json\/wp\/v2\/product\/2811","targetHints":{"allow":["GET"]}}],"collection":[{"href":"https:\/\/particulier.mccp-coiffure-bio.ch\/de\/wp-json\/wp\/v2\/product"}],"about":[{"href":"https:\/\/particulier.mccp-coiffure-bio.ch\/de\/wp-json\/wp\/v2\/types\/product"}],"replies":[{"embeddable":true,"href":"https:\/\/particulier.mccp-coiffure-bio.ch\/de\/wp-json\/wp\/v2\/comments?post=2811"}],"version-history":[{"count":1,"href":"https:\/\/particulier.mccp-coiffure-bio.ch\/de\/wp-json\/wp\/v2\/product\/2811\/revisions"}],"predecessor-version":[{"id":5938,"href":"https:\/\/particulier.mccp-coiffure-bio.ch\/de\/wp-json\/wp\/v2\/product\/2811\/revisions\/5938"}],"wp:featuredmedia":[{"embeddable":true,"href":"https:\/\/particulier.mccp-coiffure-bio.ch\/de\/wp-json\/wp\/v2\/media\/2735"}],"wp:attachment":[{"href":"https:\/\/particulier.mccp-coiffure-bio.ch\/de\/wp-json\/wp\/v2\/media?parent=2811"}],"wp:term":[{"taxonomy":"product_brand","embeddable":true,"href":"https:\/\/particulier.mccp-coiffure-bio.ch\/de\/wp-json\/wp\/v2\/product_brand?post=2811"},{"taxonomy":"product_cat","embeddable":true,"href":"https:\/\/particulier.mccp-coiffure-bio.ch\/de\/wp-json\/wp\/v2\/product_cat?post=2811"},{"taxonomy":"product_tag","embeddable":true,"href":"https:\/\/particulier.mccp-coiffure-bio.ch\/de\/wp-json\/wp\/v2\/product_tag?post=2811"}],"curies":[{"name":"wp","href":"https:\/\/api.w.org\/{rel}","templated":true}]}}