{"id":2808,"date":"2024-05-22T10:55:54","date_gmt":"2024-05-22T08:55:54","guid":{"rendered":"https:\/\/particulier.mccp-coiffure-bio.ch\/desinfectant-a-mains-nourrissant\/"},"modified":"2026-02-16T18:52:02","modified_gmt":"2026-02-16T17:52:02","slug":"desinfectant-pour-les-mains","status":"publish","type":"product","link":"https:\/\/particulier.mccp-coiffure-bio.ch\/de\/produkt\/desinfectant-pour-les-mains\/","title":{"rendered":"Handdesinfektionsmittel 250 ml"},"content":{"rendered":"<h1>Natulique Hand Desinfektionsmittel - Bio-Hygiene und Sicherheit f\u00fcr Ihr Friseurgesch\u00e4ft<\/h1>\n<h2>\u00a0Natulique Bio-Desinfektionsmittel - Ihr Verb\u00fcndeter f\u00fcr Hygiene im Friseursalon<\/h2>\n<h3><strong>Starkes Handdesinfektionsmittel Natulique<\/strong><\/h3>\n<p>ie ideale L\u00f6sung, um die Hygiene in Ihrem Bio-Friseursalon aufrecht zu erhalten. In einer Zeit, in der Hygiene von gr\u00f6\u00dfter Bedeutung ist, sorgen Sie mit unserem Handdesinfektionsmittel, das mit biologischen und umweltfreundlichen Inhaltsstoffen formuliert wurde, f\u00fcr die Sicherheit Ihrer Kunden und Ihres Personals. Perfekt f\u00fcr Friseurprofis, die ihren Kunden ein sicheres und gesundes Erlebnis bieten m\u00f6chten.<\/p>\n<p>Das Natulique Handdesinfektionsmittel wurde speziell f\u00fcr die Bed\u00fcrfnisse von Bio-Friseursalons entwickelt. Es wirkt gegen 99,9% Keime und Bakterien und ist dabei sanft zur Haut. Das mit nat\u00fcrlichen Inhaltsstoffen angereicherte Desinfektionsmittel ist alkoholfrei und verhindert so das Austrocknen der H\u00e4nde, ein h\u00e4ufiges Problem bei herk\u00f6mmlichen Desinfektionsmitteln. Seine feuchtigkeitsspendende Formel sorgt daf\u00fcr, dass Ihre H\u00e4nde auch nach wiederholter Anwendung weich und gesch\u00fctzt bleiben.<\/p>\n<h3><strong>Hygiene und Sicherheit beim Bio-Haarstyling<\/strong><\/h3>\n<p>In einem Friseursalon hat die Hygiene oberste Priorit\u00e4t. Durch die Verwendung des Natulique-Handdesinfektionsmittels k\u00f6nnen Sie eine gesunde Umgebung f\u00fcr Ihre Kunden und Ihr Team aufrechterhalten. Seine ungiftige und biologisch abbaubare Formel passt perfekt zu den Werten von Bio-Friseursalons, die den Respekt vor der Umwelt propagieren. Mit Natulique k\u00f6nnen Sie sicher sein, dass Sie eine ethische und verantwortungsvolle Wahl treffen, ohne Kompromisse bei der Wirksamkeit einzugehen.<\/p>\n<p><strong>Vorteile von Natulique Handdesinfektionsmittel<\/strong> :<\/p>\n<ul>\n<li><strong>Wirksamkeit<\/strong> : Beseitigt 99,9% von Keimen und Bakterien.<\/li>\n<li><strong>Sanftheit<\/strong> : Eine feuchtigkeitsspendende Formel, die das Austrocknen der Haut verhindert.<\/li>\n<li><strong>Nat\u00fcrlich<\/strong> : Besteht aus zertifizierten biologischen Inhaltsstoffen.<\/li>\n<li><strong>\u00d6kologisch<\/strong> : Nicht giftig und biologisch abbaubar.<\/li>\n<li><strong>Sicherheit<\/strong> : Alkoholfrei, ideal f\u00fcr den h\u00e4ufigen Gebrauch.<\/li>\n<\/ul>\n<p>Mit dem Natulique-Handdesinfektionsmittel entscheiden Sie sich f\u00fcr eine L\u00f6sung, die haut- und umweltfreundlich ist. Es ist entscheidend f\u00fcr Friseurprofis, hohe Hygienestandards einzuhalten, insbesondere in einer Zeit, in der die Gesundheitssicherheit zu einem wichtigen Anliegen geworden ist. Natulique bietet eine perfekte Antwort auf die Anforderungen von Bio-Friseursalons und verbindet Leistung mit der Einhaltung \u00f6kologischer Werte.<\/p>\n<p>F\u00fcr Friseursalons, die auf ihren \u00f6kologischen Fu\u00dfabdruck achten, ist das H\u00e4ndedesinfektionsmittel Natulique eine unverzichtbare Wahl. Es sch\u00fctzt nicht nur Ihre Kunden und Ihr Personal, sondern tr\u00e4gt auch zum Erhalt unseres Planeten bei. Durch die Verwendung von biologischen und nachhaltigen Produkten tragen Sie aktiv zur Reduzierung von Giftm\u00fcll und zur F\u00f6rderung einer ges\u00fcnderen Umwelt bei.<\/p>\n<p>Zusammenfassend l\u00e4sst sich sagen, dass das Natulique-Handdesinfektionsmittel mehr als nur ein Hygieneprodukt ist; es ist ein Bekenntnis zu Ihren Werten als Bio-Friseurexperte. Sorgen Sie daf\u00fcr, dass jeder Besuch in Ihrem Salon f\u00fcr Sicherheit, Pflege und Umweltfreundlichkeit steht. Steigen Sie auf das Natulique-Handdesinfektionsmittel um und zeigen Sie Ihren Kunden, dass ihre Gesundheit und die des Planeten Ihre oberste Priorit\u00e4t sind.<\/p>\n<p><a href=\"https:\/\/mccp-coiffure-bio.ch\/desinfectant-mains\/\">https:\/\/mccp-coiffure-bio.ch\/desinfectant-mains\/<\/a><\/p>\n<p><strong>Das NATULIQUE-Konzept<\/strong><\/p>\n<p>Sind Sie neugierig darauf, wie eine 100% NATULIQUE Lounge aussieht?<\/p>\n<p><a href=\"https:\/\/natulique.com\/fr\/concept-salon\/\">Erfahren Sie mehr \u00fcber die Vorteile und wie man ein Salonkonzept wird \u2192.<\/a><\/p>","protected":false},"excerpt":{"rendered":"<h2>Natulique Handdesinfektionsmittel - Bio-Hygiene und Sicherheit f\u00fcr Ihren Friseursalon Natulique Bio-Desinfektionsmittel - Ihr Hygiene-Verb\u00fcndeter im Friseursalon<\/h2>\n<p><strong>Starkes Handdesinfektionsmittel Natulique<\/strong> : die ideale L\u00f6sung, um die Hygiene in Ihrem Bio-Friseursalon aufrecht zu erhalten. In einer Zeit, in der Hygiene von gr\u00f6\u00dfter Bedeutung ist, sorgen Sie mit unserem Handdesinfektionsmittel, das mit biologischen und umweltfreundlichen Inhaltsstoffen formuliert wurde, f\u00fcr die Sicherheit Ihrer Kunden und Ihres Personals. Perfekt f\u00fcr Friseurprofis, die ihren Kunden ein sicheres und gesundes Erlebnis bieten m\u00f6chten.<\/p>\n<p style=\"text-align: left;\">Tauchen Sie ein in die Exzellenz der Haarsch\u00f6nheit mit <strong>MCCP BIO-FRISUR<\/strong> Ihr exklusiver Partner f\u00fcr die <strong>Produktvertrieb<\/strong> <strong>Natulisch<\/strong> in<strong> Schweiz<\/strong>. Als engagierte Spezialisten bieten wir Ihnen eine ganze Reihe von <strong>Haarprodukte<\/strong> von professioneller Qualit\u00e4t, die aus erstklassigen biologischen Inhaltsstoffen hergestellt werden. Vertrauen Sie auf unser Fachwissen, um Sie zu einem au\u00dfergew\u00f6hnlichen Haarerlebnis zu f\u00fchren, das Ihren anspruchsvollsten Erwartungen entspricht.<\/p>\n<ul style=\"text-align: left;\">\n<li><strong>Bio-Zutaten<\/strong><\/li>\n<li><strong>Vegan<\/strong><\/li>\n<li><strong>Pro-Qualit\u00e4t<\/strong><\/li>\n<li><strong>Recycelbare Verpackung<\/strong><\/li>\n<\/ul>\n<p><img decoding=\"async\" class=\"wp-image-2406 aligncenter\" src=\"https:\/\/particulier.mccp-coiffure-bio.ch\/wp-content\/uploads\/2021\/01\/vegan-society-certification-300x242.png\" alt=\"\" width=\"214\" height=\"172\" srcset=\"https:\/\/particulier.mccp-coiffure-bio.ch\/wp-content\/uploads\/2021\/01\/vegan-society-certification-300x242.png 300w, https:\/\/particulier.mccp-coiffure-bio.ch\/wp-content\/uploads\/2021\/01\/vegan-society-certification.png 529w\" sizes=\"(max-width: 214px) 100vw, 214px\" \/><\/p>","protected":false},"featured_media":2734,"comment_status":"open","ping_status":"closed","template":"","meta":{"ocean_post_layout":"","ocean_both_sidebars_style":"","ocean_both_sidebars_content_width":0,"ocean_both_sidebars_sidebars_width":0,"ocean_sidebar":"0","ocean_second_sidebar":"0","ocean_disable_margins":"enable","ocean_add_body_class":"","ocean_shortcode_before_top_bar":"","ocean_shortcode_after_top_bar":"","ocean_shortcode_before_header":"","ocean_shortcode_after_header":"","ocean_has_shortcode":"","ocean_shortcode_after_title":"","ocean_shortcode_before_footer_widgets":"","ocean_shortcode_after_footer_widgets":"","ocean_shortcode_before_footer_bottom":"","ocean_shortcode_after_footer_bottom":"","ocean_display_top_bar":"default","ocean_display_header":"default","ocean_header_style":"","ocean_center_header_left_menu":"0","ocean_custom_header_template":"0","ocean_custom_logo":0,"ocean_custom_retina_logo":0,"ocean_custom_logo_max_width":0,"ocean_custom_logo_tablet_max_width":0,"ocean_custom_logo_mobile_max_width":0,"ocean_custom_logo_max_height":0,"ocean_custom_logo_tablet_max_height":0,"ocean_custom_logo_mobile_max_height":0,"ocean_header_custom_menu":"0","ocean_menu_typo_font_family":"0","ocean_menu_typo_font_subset":"","ocean_menu_typo_font_size":0,"ocean_menu_typo_font_size_tablet":0,"ocean_menu_typo_font_size_mobile":0,"ocean_menu_typo_font_size_unit":"px","ocean_menu_typo_font_weight":"","ocean_menu_typo_font_weight_tablet":"","ocean_menu_typo_font_weight_mobile":"","ocean_menu_typo_transform":"","ocean_menu_typo_transform_tablet":"","ocean_menu_typo_transform_mobile":"","ocean_menu_typo_line_height":0,"ocean_menu_typo_line_height_tablet":0,"ocean_menu_typo_line_height_mobile":0,"ocean_menu_typo_line_height_unit":"","ocean_menu_typo_spacing":0,"ocean_menu_typo_spacing_tablet":0,"ocean_menu_typo_spacing_mobile":0,"ocean_menu_typo_spacing_unit":"","ocean_menu_link_color":"","ocean_menu_link_color_hover":"","ocean_menu_link_color_active":"","ocean_menu_link_background":"","ocean_menu_link_hover_background":"","ocean_menu_link_active_background":"","ocean_menu_social_links_bg":"","ocean_menu_social_hover_links_bg":"","ocean_menu_social_links_color":"","ocean_menu_social_hover_links_color":"","ocean_disable_title":"default","ocean_disable_heading":"default","ocean_post_title":"","ocean_post_subheading":"","ocean_post_title_style":"","ocean_post_title_background_color":"","ocean_post_title_background":0,"ocean_post_title_bg_image_position":"","ocean_post_title_bg_image_attachment":"","ocean_post_title_bg_image_repeat":"","ocean_post_title_bg_image_size":"","ocean_post_title_height":0,"ocean_post_title_bg_overlay":0.5,"ocean_post_title_bg_overlay_color":"","ocean_disable_breadcrumbs":"default","ocean_breadcrumbs_color":"","ocean_breadcrumbs_separator_color":"","ocean_breadcrumbs_links_color":"","ocean_breadcrumbs_links_hover_color":"","ocean_display_footer_widgets":"default","ocean_display_footer_bottom":"default","ocean_custom_footer_template":"0"},"product_brand":[],"product_cat":[326],"product_tag":[],"class_list":{"0":"post-2808","1":"product","2":"type-product","3":"status-publish","4":"has-post-thumbnail","6":"product_cat-soins-corps","8":"entry","9":"has-media","11":"first","12":"instock","13":"taxable","14":"shipping-taxable","15":"purchasable","16":"product-type-simple","17":"has-product-nav","18":"col","19":"span_1_of_5","20":"owp-content-center","21":"owp-thumbs-layout-horizontal","22":"owp-btn-normal","23":"owp-tabs-layout-horizontal","24":"has-no-thumbnails"},"jetpack_sharing_enabled":true,"_links":{"self":[{"href":"https:\/\/particulier.mccp-coiffure-bio.ch\/de\/wp-json\/wp\/v2\/product\/2808","targetHints":{"allow":["GET"]}}],"collection":[{"href":"https:\/\/particulier.mccp-coiffure-bio.ch\/de\/wp-json\/wp\/v2\/product"}],"about":[{"href":"https:\/\/particulier.mccp-coiffure-bio.ch\/de\/wp-json\/wp\/v2\/types\/product"}],"replies":[{"embeddable":true,"href":"https:\/\/particulier.mccp-coiffure-bio.ch\/de\/wp-json\/wp\/v2\/comments?post=2808"}],"version-history":[{"count":2,"href":"https:\/\/particulier.mccp-coiffure-bio.ch\/de\/wp-json\/wp\/v2\/product\/2808\/revisions"}],"predecessor-version":[{"id":6098,"href":"https:\/\/particulier.mccp-coiffure-bio.ch\/de\/wp-json\/wp\/v2\/product\/2808\/revisions\/6098"}],"wp:featuredmedia":[{"embeddable":true,"href":"https:\/\/particulier.mccp-coiffure-bio.ch\/de\/wp-json\/wp\/v2\/media\/2734"}],"wp:attachment":[{"href":"https:\/\/particulier.mccp-coiffure-bio.ch\/de\/wp-json\/wp\/v2\/media?parent=2808"}],"wp:term":[{"taxonomy":"product_brand","embeddable":true,"href":"https:\/\/particulier.mccp-coiffure-bio.ch\/de\/wp-json\/wp\/v2\/product_brand?post=2808"},{"taxonomy":"product_cat","embeddable":true,"href":"https:\/\/particulier.mccp-coiffure-bio.ch\/de\/wp-json\/wp\/v2\/product_cat?post=2808"},{"taxonomy":"product_tag","embeddable":true,"href":"https:\/\/particulier.mccp-coiffure-bio.ch\/de\/wp-json\/wp\/v2\/product_tag?post=2808"}],"curies":[{"name":"wp","href":"https:\/\/api.w.org\/{rel}","templated":true}]}}