{"id":2807,"date":"2024-05-22T10:55:52","date_gmt":"2024-05-22T08:55:52","guid":{"rendered":"https:\/\/particulier.mccp-coiffure-bio.ch\/spray-cheveux-revitalisant\/"},"modified":"2026-01-05T07:43:56","modified_gmt":"2026-01-05T06:43:56","slug":"spray-demelant-sans-rincage","status":"publish","type":"product","link":"https:\/\/particulier.mccp-coiffure-bio.ch\/de\/produkt\/spray-demelant-sans-rincage\/","title":{"rendered":"195 ml Leave-in Development Spray"},"content":{"rendered":"<h1><strong>Natulique Bio Entwirrungsspray ohne Aussp\u00fclen - Das Geheimnis f\u00fcr leicht k\u00e4mmbares Haar<\/strong><\/h1>\n<h2><strong>Entwirren Sie Ihr Haar auf nat\u00fcrliche Weise mit Natulique Bio Entwirrungsspray<\/strong><\/h2>\n<p><strong>Beschreibung:<\/strong><\/p>\n<p>Entdecken Sie den <strong>Natulique Bio Leave-in Entwirrungsspray<\/strong>Das Buch ist ein Muss f\u00fcr alle, die sich nach einem <strong>erhabenes Haar<\/strong> und leicht zu frisieren. Dieses sorgf\u00e4ltig entwickelte Entwirrungsspray wurde entwickelt, um eine nat\u00fcrliche und wirksame L\u00f6sung f\u00fcr Probleme mit Knoten und Verfilzungen zu bieten und gleichzeitig die Gesundheit Ihres Haars und Ihrer Kopfhaut zu sch\u00fctzen.<\/p>\n<p>Die Zusammensetzung dieses Entwirrungssprays zeichnet sich durch seinen Reichtum an biologischen und nat\u00fcrlichen Inhaltsstoffen aus.<\/p>\n<div class=\"fusion-title title fusion-title-3 fusion-sep-none fusion-title-text fusion-title-size-three\">\n<h3 class=\"fusion-title-heading title-heading-left fusion-responsive-typography-calculated\">MIT ZERTIFIZIERTEN UND AKTIVEN BIO-INHALTSSTOFFEN<\/h3>\n<\/div>\n<div class=\"fusion-text fusion-text-7\">\n<p><strong>Aloe Vera Blattsaft aus zertifiziertem Bio-Anbau :<\/strong>Macht die Kopfhaut weich, beruhigt und heilt dank der Vitamine A, B und C. Gleichzeitig wird trockene, gereizte und juckende Kopfhaut sofort mit Feuchtigkeit und N\u00e4hrstoffen versorgt und beruhigt.<\/p>\n<p><strong>Zertifizierter Bio-Heidelbeerfruchtextrakt: <\/strong>Verbessert die Mikrozirkulation in den Haaren und regt die Kollagenproduktion im Haar an, um die Feuchtigkeitsversorgung zu unterst\u00fctzen und der Sch\u00e4digung von Haar und Kopfhaut vorzubeugen.<\/p>\n<p><strong>Zertifizierter Bio-Mangofruchtextrakt: <\/strong>Es ist extrem reich an den Vitaminen A, C und Beta-Carotin, verleiht Glanz, verhindert das Austrocknen des Haares und tr\u00e4gt gleichzeitig zu unglaublichen Konditionierungseigenschaften der Kopfhaut bei.<\/p>\n<p><strong>Bio-zertifizierter Acai-Extrakt : <\/strong>Eine au\u00dfergew\u00f6hnliche Konzentration an essentiellen N\u00e4hrstoffen, Proteinen, Omega-Fetts\u00e4uren und Vitaminen, um eine gesunde Kopfhaut zu erhalten und das Haar vom Ansatz bis in die Spitzen zu st\u00e4rken. Acai-Extrakt umh\u00fcllt den Haarschaft, verleiht Feuchtigkeit und Glanz und reduziert Frizz. Die Schutzbeschichtung und das Antioxidationsmittel der Acai sch\u00fctzen die Farbe, indem sie unerw\u00fcnschte Oxidation durch freie Radikale verhindern, die zum Verblassen f\u00fchren kann. Au\u00dferdem tr\u00e4gt es dazu bei, dass das Haar gl\u00e4nzend und geschmeidig bleibt.<\/p>\n<\/div>\n<div class=\"accordian fusion-accordian\">\n<div id=\"accordion-1669-1\" class=\"panel-group fusion-toggle-icon-unboxed\">\n<div class=\"fusion-panel panel-default panel-98ac8b83746d9cce1 fusion-toggle-no-divider\">\n<div class=\"panel-heading\">\n<h4 id=\"toggle_98ac8b83746d9cce1\" class=\"panel-title toggle fusion-responsive-typography-calculated\" data-fontsize=\"12\" data-lineheight=\"12px\"><strong>Bio-Sp\u00fclung<\/strong>, <strong>Bio-Frisur<\/strong>, <strong>ohne Sp\u00fclen<\/strong>und <strong>Naturkosmetik<\/strong> sind die Schl\u00fcsselw\u00f6rter, die dieses au\u00dfergew\u00f6hnliche Produkt perfekt definieren. Die <strong>Natulique Leave-in Entwirrungsspray<\/strong> bietet ein unvergleichliches Haarpflegeerlebnis. Dank seiner innovativen Formel erleichtert es das K\u00e4mmen und verhindert Haarbruch, sodass sich das Haar schon bei der ersten Anwendung weich und leicht anf\u00fchlt.<\/h4>\n<\/div>\n<\/div>\n<\/div>\n<\/div>\n<p><strong>Warum sollte ich mich f\u00fcr Natulique's Bio Leave-in Conditioner Spray entscheiden?<\/strong><\/p>\n<ol>\n<li><strong>Sofortige Wirksamkeit<\/strong> : Dieses Entwirrungsspray wirkt sofort, um selbst das widerspenstigste Haar zu entwirren, sodass das Styling zum Kinderspiel wird.<\/li>\n<li><strong>Respekt vor der Natur<\/strong> : Besteht aus Zutaten aus biologischem Anbau und ist somit umweltfreundlich und schont Ihre Gesundheit.<\/li>\n<li><strong>Ohne Sp\u00fclen<\/strong> : Sparen Sie Zeit, indem Sie dieses Spray auftragen, ohne es absp\u00fclen zu m\u00fcssen, ideal f\u00fcr den t\u00e4glichen Gebrauch.<\/li>\n<li><strong>Schutz und Pflege<\/strong> : Sch\u00fctzt das Haar vor sch\u00e4dlichen Umwelteinfl\u00fcssen und versorgt es gleichzeitig tiefgreifend mit N\u00e4hrstoffen und Feuchtigkeit.<\/li>\n<\/ol>\n<p>Die Verwendung des <strong>Natulique Bio Leave-in Entwirrungsspray<\/strong> ist einfach und schnell. Spr\u00fchen Sie das Produkt einfach gleichm\u00e4\u00dfig auf das feuchte oder trockene Haar und k\u00e4mmen Sie es anschlie\u00dfend sanft durch, um ein optimales Ergebnis zu erzielen. Die leichte Textur hinterl\u00e4sst keine R\u00fcckst\u00e4nde und fettet das Haar nicht, sodass es weich, gl\u00e4nzend und leicht k\u00e4mmbar bleibt.<\/p>\n<p>Dieses Produkt richtet sich an alle, die sich um die Qualit\u00e4t und Gesundheit ihrer Haare sorgen. Egal, ob Sie feines, dickes, lockiges oder glattes Haar haben, das <strong>Bio-Entwirrungsspray von Natulique<\/strong> wird Ihre speziellen Bed\u00fcrfnisse in Bezug auf Entwirrung und Haarpflege erf\u00fcllen k\u00f6nnen.<\/p>\n<p>Entscheiden Sie sich f\u00fcr den <strong>Natulique Bio Leave-in Entwirrungsspray<\/strong>Wenn Sie sich f\u00fcr ein nat\u00fcrliches, wirksames und umweltfreundliches Produkt entscheiden, wird Ihr Haar strahlend sch\u00f6n und gesund aussehen.<\/p>\n<p>Zusammenfassend l\u00e4sst sich sagen, dass der <strong>Natulique Bio Leave-in Entwirrungsspray<\/strong> ist viel mehr als nur eine einfache Sp\u00fclung. Es ist eine echte Pflegel\u00f6sung, die das Entwirren der Haare in einen Moment des Vergn\u00fcgens und der Sanftheit verwandelt. Nehmen Sie es noch heute an und g\u00f6nnen Sie Ihrem Haar das Beste, was die Natur zu bieten hat.<\/p>\n<p><strong>\u00a0Enth\u00fcllen Sie die nat\u00fcrliche Pracht Ihres Haars mit Natulique's Bio Leave-in Conditioner Spray.<\/strong><\/p>\n<p><a href=\"https:\/\/mccp-coiffure-bio.ch\/apres-shampoing-sans-rincage-hydratant\">https:\/\/mccp-coiffure-bio.ch\/apres-shampoing-sans-rincage-hydratant<\/a><\/p>\n<div class=\"fusion-layout-column fusion_builder_column fusion-builder-column-24 fusion_builder_column_1_3 1_3 fusion-flex-column\">\n<div class=\"fusion-column-wrapper fusion-column-has-shadow fusion-flex-justify-content-flex-start fusion-content-layout-column\">\n<div class=\"fusion-text fusion-text-17 fusion-no-small-visibility fusion-no-medium-visibility\">\n<p><strong>Das NATULIQUE-Konzept<\/strong><\/p>\n<p>Sind Sie neugierig darauf, wie eine 100% NATULIQUE Lounge aussieht?<\/p>\n<p><a href=\"https:\/\/natulique.com\/fr\/concept-salon\/\">Erfahren Sie mehr \u00fcber die Vorteile und wie man ein Salonkonzept wird \u2192.<\/a><\/p>\n<\/div>\n<\/div>\n<\/div>\n<div class=\"fusion-layout-column fusion_builder_column fusion-builder-column-25 fusion_builder_column_1_3 1_3 fusion-flex-column\">\n<div class=\"fusion-column-wrapper fusion-column-has-shadow fusion-flex-justify-content-flex-start fusion-content-layout-column\">\n<div class=\"fusion-text fusion-text-18\"><\/div>\n<\/div>\n<\/div>\n<div class=\"fusion-layout-column fusion_builder_column fusion-builder-column-15 fusion_builder_column_1_6 1_6 fusion-flex-column fusion-flex-align-self-center\">\n<div class=\"fusion-column-wrapper fusion-column-has-shadow fusion-flex-justify-content-flex-start fusion-content-layout-column\">\n<div class=\"fusion-image-element\"><\/div>\n<div class=\"fusion-text fusion-text-8\">\n<p>Ohne Parabene, Ohne Phenoxyethanol, Ohne k\u00fcnstliche Duftstoffe, Ohne SLS, Ohne Silikone<\/p>\n<\/div>\n<\/div>\n<\/div>","protected":false},"excerpt":{"rendered":"<p style=\"text-align: left\">Entdecken Sie den <strong>Natulique Bio Leave-in Entwirrungsspray<\/strong><\/p>\n<p style=\"text-align: left\">Ein Muss f\u00fcr alle, die sich nach einer <strong>erhabenes Haar<\/strong> und leicht zu frisieren. Dieses sorgf\u00e4ltig entwickelte Entwirrungsspray wurde entwickelt, um eine nat\u00fcrliche und wirksame L\u00f6sung f\u00fcr Probleme mit Knoten und Verfilzungen zu bieten und gleichzeitig die Gesundheit Ihres Haars und Ihrer Kopfhaut zu sch\u00fctzen.<\/p>\n<p style=\"text-align: left\">Tauchen Sie ein in die Exzellenz der Haarsch\u00f6nheit mit <strong>MCCP BIO-FRISUR<\/strong> Ihr exklusiver Partner f\u00fcr die <strong>Produktvertrieb<\/strong> <strong>Natulisch<\/strong> in<strong> Schweiz<\/strong>. Als engagierte Spezialisten bieten wir Ihnen eine ganze Reihe von <strong>Haarprodukte<\/strong> von professioneller Qualit\u00e4t, die aus erstklassigen biologischen Inhaltsstoffen hergestellt werden. Vertrauen Sie auf unser Fachwissen, um Sie zu einem au\u00dfergew\u00f6hnlichen Haarerlebnis zu f\u00fchren, das Ihren anspruchsvollsten Erwartungen entspricht.<\/p>\n<ul style=\"text-align: left\">\n<li><strong>Bio-Zutaten<\/strong><\/li>\n<li><strong>Vegan<\/strong><\/li>\n<li><strong>Pro-Qualit\u00e4t<\/strong><\/li>\n<li><strong>Recycelbare Verpackung<\/strong><\/li>\n<\/ul>\n<p><img decoding=\"async\" class=\"wp-image-2406 aligncenter\" src=\"https:\/\/particulier.mccp-coiffure-bio.ch\/wp-content\/uploads\/2021\/01\/vegan-society-certification-300x242.png\" alt=\"\" width=\"214\" height=\"172\" srcset=\"https:\/\/particulier.mccp-coiffure-bio.ch\/wp-content\/uploads\/2021\/01\/vegan-society-certification-300x242.png 300w, https:\/\/particulier.mccp-coiffure-bio.ch\/wp-content\/uploads\/2021\/01\/vegan-society-certification.png 529w\" sizes=\"(max-width: 214px) 100vw, 214px\" \/><\/p>","protected":false},"featured_media":2732,"comment_status":"open","ping_status":"closed","template":"","meta":{"ocean_post_layout":"","ocean_both_sidebars_style":"","ocean_both_sidebars_content_width":0,"ocean_both_sidebars_sidebars_width":0,"ocean_sidebar":"0","ocean_second_sidebar":"0","ocean_disable_margins":"enable","ocean_add_body_class":"","ocean_shortcode_before_top_bar":"","ocean_shortcode_after_top_bar":"","ocean_shortcode_before_header":"","ocean_shortcode_after_header":"","ocean_has_shortcode":"","ocean_shortcode_after_title":"","ocean_shortcode_before_footer_widgets":"","ocean_shortcode_after_footer_widgets":"","ocean_shortcode_before_footer_bottom":"","ocean_shortcode_after_footer_bottom":"","ocean_display_top_bar":"default","ocean_display_header":"default","ocean_header_style":"","ocean_center_header_left_menu":"0","ocean_custom_header_template":"0","ocean_custom_logo":0,"ocean_custom_retina_logo":0,"ocean_custom_logo_max_width":0,"ocean_custom_logo_tablet_max_width":0,"ocean_custom_logo_mobile_max_width":0,"ocean_custom_logo_max_height":0,"ocean_custom_logo_tablet_max_height":0,"ocean_custom_logo_mobile_max_height":0,"ocean_header_custom_menu":"0","ocean_menu_typo_font_family":"0","ocean_menu_typo_font_subset":"","ocean_menu_typo_font_size":0,"ocean_menu_typo_font_size_tablet":0,"ocean_menu_typo_font_size_mobile":0,"ocean_menu_typo_font_size_unit":"px","ocean_menu_typo_font_weight":"","ocean_menu_typo_font_weight_tablet":"","ocean_menu_typo_font_weight_mobile":"","ocean_menu_typo_transform":"","ocean_menu_typo_transform_tablet":"","ocean_menu_typo_transform_mobile":"","ocean_menu_typo_line_height":0,"ocean_menu_typo_line_height_tablet":0,"ocean_menu_typo_line_height_mobile":0,"ocean_menu_typo_line_height_unit":"","ocean_menu_typo_spacing":0,"ocean_menu_typo_spacing_tablet":0,"ocean_menu_typo_spacing_mobile":0,"ocean_menu_typo_spacing_unit":"","ocean_menu_link_color":"","ocean_menu_link_color_hover":"","ocean_menu_link_color_active":"","ocean_menu_link_background":"","ocean_menu_link_hover_background":"","ocean_menu_link_active_background":"","ocean_menu_social_links_bg":"","ocean_menu_social_hover_links_bg":"","ocean_menu_social_links_color":"","ocean_menu_social_hover_links_color":"","ocean_disable_title":"default","ocean_disable_heading":"default","ocean_post_title":"","ocean_post_subheading":"","ocean_post_title_style":"","ocean_post_title_background_color":"","ocean_post_title_background":0,"ocean_post_title_bg_image_position":"","ocean_post_title_bg_image_attachment":"","ocean_post_title_bg_image_repeat":"","ocean_post_title_bg_image_size":"","ocean_post_title_height":0,"ocean_post_title_bg_overlay":0.5,"ocean_post_title_bg_overlay_color":"","ocean_disable_breadcrumbs":"default","ocean_breadcrumbs_color":"","ocean_breadcrumbs_separator_color":"","ocean_breadcrumbs_links_color":"","ocean_breadcrumbs_links_hover_color":"","ocean_display_footer_widgets":"default","ocean_display_footer_bottom":"default","ocean_custom_footer_template":"0"},"product_brand":[],"product_cat":[322],"product_tag":[],"class_list":{"0":"post-2807","1":"product","2":"type-product","3":"status-publish","4":"has-post-thumbnail","6":"product_cat-soins-des-cheveux","8":"entry","9":"has-media","11":"first","12":"instock","13":"taxable","14":"shipping-taxable","15":"purchasable","16":"product-type-simple","17":"has-product-nav","18":"col","19":"span_1_of_5","20":"owp-content-center","21":"owp-thumbs-layout-horizontal","22":"owp-btn-normal","23":"owp-tabs-layout-horizontal","24":"has-no-thumbnails"},"jetpack_sharing_enabled":true,"_links":{"self":[{"href":"https:\/\/particulier.mccp-coiffure-bio.ch\/de\/wp-json\/wp\/v2\/product\/2807","targetHints":{"allow":["GET"]}}],"collection":[{"href":"https:\/\/particulier.mccp-coiffure-bio.ch\/de\/wp-json\/wp\/v2\/product"}],"about":[{"href":"https:\/\/particulier.mccp-coiffure-bio.ch\/de\/wp-json\/wp\/v2\/types\/product"}],"replies":[{"embeddable":true,"href":"https:\/\/particulier.mccp-coiffure-bio.ch\/de\/wp-json\/wp\/v2\/comments?post=2807"}],"version-history":[{"count":1,"href":"https:\/\/particulier.mccp-coiffure-bio.ch\/de\/wp-json\/wp\/v2\/product\/2807\/revisions"}],"predecessor-version":[{"id":5942,"href":"https:\/\/particulier.mccp-coiffure-bio.ch\/de\/wp-json\/wp\/v2\/product\/2807\/revisions\/5942"}],"wp:featuredmedia":[{"embeddable":true,"href":"https:\/\/particulier.mccp-coiffure-bio.ch\/de\/wp-json\/wp\/v2\/media\/2732"}],"wp:attachment":[{"href":"https:\/\/particulier.mccp-coiffure-bio.ch\/de\/wp-json\/wp\/v2\/media?parent=2807"}],"wp:term":[{"taxonomy":"product_brand","embeddable":true,"href":"https:\/\/particulier.mccp-coiffure-bio.ch\/de\/wp-json\/wp\/v2\/product_brand?post=2807"},{"taxonomy":"product_cat","embeddable":true,"href":"https:\/\/particulier.mccp-coiffure-bio.ch\/de\/wp-json\/wp\/v2\/product_cat?post=2807"},{"taxonomy":"product_tag","embeddable":true,"href":"https:\/\/particulier.mccp-coiffure-bio.ch\/de\/wp-json\/wp\/v2\/product_tag?post=2807"}],"curies":[{"name":"wp","href":"https:\/\/api.w.org\/{rel}","templated":true}]}}