{"id":2801,"date":"2024-05-22T10:55:52","date_gmt":"2024-05-22T08:55:52","guid":{"rendered":"https:\/\/particulier.mccp-coiffure-bio.ch\/spray-cheveux-root-lifter-volume-tonic\/"},"modified":"2026-01-13T08:53:51","modified_gmt":"2026-01-13T07:53:51","slug":"spray-volume-root-lifter-volume-tonic","status":"publish","type":"product","link":"https:\/\/particulier.mccp-coiffure-bio.ch\/de\/produkt\/spray-volume-root-lifter-volume-tonic\/","title":{"rendered":"Volumen-Spray - Root lifter Volume Tonic 150 ml"},"content":{"rendered":"<h1>Volume Root Lift Volume Tonic Spray von Natulique<\/h1>\n<h2>Entdecken Sie das Geheimnis eines atemberaubenden Volumens mit Natulique Root Lift Volume Spray.<\/h2>\n<p>Die <strong>Volume Root Lift Volume Tonic Spray von Natulique<\/strong> ist die ideale L\u00f6sung f\u00fcr volumin\u00f6ses und vitales Haar. Dieses Volumenspray wurde speziell f\u00fcr die Bed\u00fcrfnisse von professionellen Friseuren und anspruchsvollen Privatpersonen entwickelt und ver\u00e4ndert die Struktur Ihres Haars sofort. Dank seiner einzigartigen Zusammensetzung aus nat\u00fcrlichen und biologischen Inhaltsstoffen sorgt es f\u00fcr langanhaltendes Volumen und schont dabei die Gesundheit Ihres Haars und Ihrer Kopfhaut.<\/p>\n<h3>Nat\u00fcrliche und wirksame Zusammensetzung<\/h3>\n<p>Natulique Root Lift Volume Tonic Spray wurde mit Inhaltsstoffen formuliert, die sorgf\u00e4ltig aufgrund ihrer volumengebenden und pflegenden Eigenschaften ausgew\u00e4hlt wurden. Zu den Hauptbestandteilen geh\u00f6ren :<\/p>\n<div class=\"fusion-fullwidth fullwidth-box fusion-builder-row-5 fusion-flex-container has-pattern-background has-mask-background nonhundred-percent-fullwidth non-hundred-percent-height-scrolling\">\n<div class=\"fusion-builder-row fusion-row fusion-flex-align-items-center fusion-flex-content-wrap\">\n<div class=\"fusion-layout-column fusion_builder_column fusion-builder-column-14 fusion_builder_column_1_2 1_2 fusion-flex-column\">\n<div class=\"fusion-column-wrapper fusion-column-has-shadow fusion-flex-justify-content-flex-start fusion-content-layout-column\">\n<div class=\"fusion-text fusion-text-7 nitro-offscreen\">\n<ul>\n<li><strong>Saft aus Aloe Vera-Bl\u00e4ttern: <\/strong>Reduziert deutlich Juckreiz, Schuppen und schuppige Kopfhaut, regt die Durchblutung an und f\u00f6rdert die Sauerstoffversorgung der Haarfollikel f\u00fcr eine optimale Haargesundheit und -ern\u00e4hrung.<\/li>\n<li><strong>Heidelbeerextrakt: <\/strong>Mit Schl\u00fcsselwirkstoffen, verbessert die Mikrozirkulation in den Haaren und regt die Kollagenproduktion im Haar an, was dazu beitr\u00e4gt, das Haar mit Feuchtigkeit zu versorgen und der Sch\u00e4digung von Haar und Kopfhaut vorzubeugen.<\/li>\n<li><strong>Extrakt aus Feuille d'Olivier: <\/strong>Stimuliert das Anagen f\u00fcr ein verst\u00e4rktes Haarwachstum, w\u00e4hrend seine feuchtigkeitsspendenden Eigenschaften tief in den Haarfollikeln wirken, um das Haar zu verj\u00fcngen und ihm einen unglaublichen Glanz und eine nat\u00fcrliche Ausstrahlung zu verleihen.<\/li>\n<\/ul>\n<\/div>\n<\/div>\n<\/div>\n<\/div>\n<\/div>\n<div class=\"fusion-fullwidth fullwidth-box fusion-builder-row-6 fusion-flex-container has-pattern-background has-mask-background nonhundred-percent-fullwidth non-hundred-percent-height-scrolling nitro-offscreen\">\n<div class=\"fusion-builder-row fusion-row fusion-flex-align-items-center fusion-flex-justify-content-center fusion-flex-content-wrap\">\n<div class=\"fusion-layout-column fusion_builder_column fusion-builder-column-15 fusion_builder_column_1_6 1_6 fusion-flex-column fusion-flex-align-self-center\">\n<div class=\"fusion-column-wrapper fusion-column-has-shadow fusion-flex-justify-content-flex-start fusion-content-layout-column\">Diese nat\u00fcrlichen Inhaltsstoffe arbeiten synergetisch zusammen, um ein beeindruckendes Volumen zu erzielen und gleichzeitig Ihr Haar zu pflegen.<\/div>\n<\/div>\n<\/div>\n<\/div>\n<h3>Vorteile von Natulique Root Lift Volume Spray<\/h3>\n<ol>\n<li><strong>Instant Volume<\/strong> : Dieses Spray hebt den Ansatz an und sorgt so f\u00fcr einen sofortigen Volumeneffekt.<\/li>\n<li><strong>Leichte Textur<\/strong> : Die leichte Formel hinterl\u00e4sst keine R\u00fcckst\u00e4nde und sorgt f\u00fcr einen perfekten Halt, ohne das Haar zu beschweren.<\/li>\n<li><strong>Hydratation und Ern\u00e4hrung<\/strong> : Dank Aloe Vera und Seidenproteinen bleibt Ihr Haar feucht und gl\u00e4nzend.<\/li>\n<li><strong>Respekt f\u00fcr die Haargesundheit<\/strong> : Dieses Spray wurde ohne Parabene, Sulfate und Silikone formuliert und eignet sich perfekt f\u00fcr die t\u00e4gliche Anwendung bei allen Haartypen.<\/li>\n<li><strong>Bio- und Naturkosmetik<\/strong> : Dieses Spray ist biologisch zertifiziert und schont die Umwelt und Ihre Gesundheit.<\/li>\n<\/ol>\n<h3>Verwendung und Anwendungstipps<\/h3>\n<p>Um optimale Ergebnisse zu erzielen, tragen Sie Natulique Root Lift Volume Tonic Spray auf das feuchte Haar auf. Spr\u00fchen Sie es direkt auf den Haaransatz und stylen Sie Ihr Haar dann wie gewohnt. F\u00fcr noch mehr dramatisches Volumen verwenden Sie eine Rundb\u00fcrste und f\u00f6hnen Sie das Haar mit angehobenem Ansatz trocken.<\/p>\n<h3>Warum Natulique w\u00e4hlen?<\/h3>\n<p>Natulique ist eine Marke, die sich f\u00fcr die Herstellung von <strong>Naturkosmetik<\/strong> und umweltfreundlich sind. Alle ihre Produkte werden mit zertifizierten biologischen Inhaltsstoffen formuliert, die maximale Wirksamkeit garantieren und gleichzeitig die Gesundheit Ihres Haars und unseres Planeten sch\u00fctzen. Das Natulique Root Lift Volume Tonic Spray verk\u00f6rpert diese Philosophie perfekt, indem es au\u00dfergew\u00f6hnliches Volumen bietet und gleichzeitig sanft und schonend ist.<\/p>\n<h3>Fazit: Ein kraftvolles, nat\u00fcrliches Volumen<\/h3>\n<p>Wenn Sie das Natulique Root Lift Volume Tonic Spray in Ihre Haarroutine integrieren, entscheiden Sie sich f\u00fcr eine nat\u00fcrliche und effektive L\u00f6sung, um Ihrem Haar mehr Volumen zu verleihen. Dieses Spray ist der ideale Verb\u00fcndete f\u00fcr volumin\u00f6se, dynamische und gesund aussehende Frisuren. Entscheiden Sie sich mit Natulique f\u00fcr die Kraft der Naturkosmetik und verwandeln Sie Ihr Haar in eine echte Traumm\u00e4hne.<\/p>\n<p><a href=\"https:\/\/mccp-coiffure-bio.ch\/tonique-volumisant-special-racines\/\">https:\/\/mccp-coiffure-bio.ch\/tonique-volumisant-special-racines\/<\/a><\/p>\n<p><strong>Das NATULIQUE-Konzept<\/strong><\/p>\n<p>Sind Sie neugierig darauf, wie eine 100% NATULIQUE Lounge aussieht?<\/p>\n<p><a href=\"https:\/\/natulique.com\/fr\/concept-salon\/\">Erfahren Sie mehr \u00fcber die Vorteile und wie man ein Salonkonzept wird \u2192.<\/a><\/p>\n<div class=\"fusion-image-element\"><\/div>\n<div class=\"fusion-text fusion-text-8\">\n<p>Ohne Parabene<\/p>\n<p>Ohne Phenoxyethanol<\/p>\n<div class=\"fusion-layout-column fusion_builder_column fusion-builder-column-17 fusion_builder_column_1_6 1_6 fusion-flex-column fusion-flex-align-self-center\">\n<div class=\"fusion-column-wrapper fusion-column-has-shadow fusion-flex-justify-content-flex-start fusion-content-layout-column\">\n<p>Ohne k\u00fcnstliche Duftstoffe<\/p>\n<p>SLS-frei<\/p>\n<div class=\"fusion-row\">\n<section id=\"content\" class=\"full-width\">\n<div id=\"post-852\" class=\"post-852 page type-page status-publish hentry\">\n<div class=\"post-content\">\n<div class=\"fusion-fullwidth fullwidth-box fusion-builder-row-6 fusion-flex-container has-pattern-background has-mask-background nonhundred-percent-fullwidth non-hundred-percent-height-scrolling nitro-offscreen\">\n<div class=\"fusion-builder-row fusion-row fusion-flex-align-items-center fusion-flex-justify-content-center fusion-flex-content-wrap\">\n<div class=\"fusion-layout-column fusion_builder_column fusion-builder-column-19 fusion_builder_column_1_6 1_6 fusion-flex-column fusion-flex-align-self-center\">\n<div class=\"fusion-column-wrapper fusion-column-has-shadow fusion-flex-justify-content-flex-start fusion-content-layout-column\">\n<div class=\"fusion-image-element\">Ohne Silikone<\/div>\n<\/div>\n<\/div>\n<\/div>\n<\/div>\n<\/div>\n<\/div>\n<\/section>\n<\/div>\n<p>&nbsp;<\/p>\n<div class=\"fusion-tb-footer fusion-footer nitro-offscreen\">\n<div class=\"fusion-footer-widget-area fusion-widget-area\">\n<div class=\"fusion-fullwidth fullwidth-box fusion-builder-row-7 fusion-flex-container nonhundred-percent-fullwidth non-hundred-percent-height-scrolling\">\n<div class=\"fusion-builder-row fusion-row fusion-flex-align-items-flex-start fusion-flex-content-wrap\">\n<div class=\"fusion-layout-column fusion_builder_column fusion-builder-column-20 fusion_builder_column_1_2 1_2 fusion-flex-column\">\n<div class=\"fusion-column-wrapper fusion-column-has-shadow fusion-flex-justify-content-flex-start fusion-content-layout-column\"><\/div>\n<\/div>\n<\/div>\n<\/div>\n<\/div>\n<\/div>\n<\/div>\n<\/div>\n<\/div>","protected":false},"excerpt":{"rendered":"<h2>Entdecken Sie das Geheimnis eines atemberaubenden Volumens mit Natulique Root Lift Volume Spray.<\/h2>\n<p>Die <strong>Volume Root Lift Volume Tonic Spray von Natulique<\/strong> ist die ideale L\u00f6sung f\u00fcr volumin\u00f6ses und vitales Haar. Dieses Volumenspray wurde speziell f\u00fcr die Bed\u00fcrfnisse von professionellen Friseuren und anspruchsvollen Privatpersonen entwickelt und ver\u00e4ndert die Struktur Ihres Haars sofort. Dank seiner einzigartigen Zusammensetzung aus nat\u00fcrlichen und biologischen Inhaltsstoffen sorgt es f\u00fcr langanhaltendes Volumen und schont dabei die Gesundheit Ihres Haars und Ihrer Kopfhaut.<\/p>\n<p style=\"text-align: left\">Tauchen Sie ein in die Exzellenz der Haarsch\u00f6nheit mit <strong>MCCP BIO-FRISUR<\/strong> Ihr exklusiver Partner f\u00fcr die <strong>Produktvertrieb<\/strong> <strong>Natulisch<\/strong> in<strong> Schweiz<\/strong>. Als engagierte Spezialisten bieten wir Ihnen eine ganze Reihe von <strong>Haarprodukte<\/strong> von professioneller Qualit\u00e4t, die aus erstklassigen biologischen Inhaltsstoffen hergestellt werden. Vertrauen Sie auf unser Fachwissen, um Sie zu einem au\u00dfergew\u00f6hnlichen Haarerlebnis zu f\u00fchren, das Ihren anspruchsvollsten Erwartungen entspricht.<\/p>\n<ul style=\"text-align: left\">\n<li><strong>Bio-Zutaten<\/strong><\/li>\n<li><strong>Vegan<\/strong><\/li>\n<li><strong>Pro-Qualit\u00e4t<\/strong><\/li>\n<li><strong>Recycelbare Verpackung<\/strong><\/li>\n<\/ul>\n<p><img decoding=\"async\" class=\"wp-image-2406 aligncenter\" src=\"https:\/\/particulier.mccp-coiffure-bio.ch\/wp-content\/uploads\/2021\/01\/vegan-society-certification-300x242.png\" alt=\"\" width=\"214\" height=\"172\" srcset=\"https:\/\/particulier.mccp-coiffure-bio.ch\/wp-content\/uploads\/2021\/01\/vegan-society-certification-300x242.png 300w, https:\/\/particulier.mccp-coiffure-bio.ch\/wp-content\/uploads\/2021\/01\/vegan-society-certification.png 529w\" sizes=\"(max-width: 214px) 100vw, 214px\" \/><\/p>","protected":false},"featured_media":2729,"comment_status":"open","ping_status":"closed","template":"","meta":{"ocean_post_layout":"","ocean_both_sidebars_style":"","ocean_both_sidebars_content_width":0,"ocean_both_sidebars_sidebars_width":0,"ocean_sidebar":"0","ocean_second_sidebar":"0","ocean_disable_margins":"enable","ocean_add_body_class":"","ocean_shortcode_before_top_bar":"","ocean_shortcode_after_top_bar":"","ocean_shortcode_before_header":"","ocean_shortcode_after_header":"","ocean_has_shortcode":"","ocean_shortcode_after_title":"","ocean_shortcode_before_footer_widgets":"","ocean_shortcode_after_footer_widgets":"","ocean_shortcode_before_footer_bottom":"","ocean_shortcode_after_footer_bottom":"","ocean_display_top_bar":"default","ocean_display_header":"default","ocean_header_style":"","ocean_center_header_left_menu":"0","ocean_custom_header_template":"0","ocean_custom_logo":0,"ocean_custom_retina_logo":0,"ocean_custom_logo_max_width":0,"ocean_custom_logo_tablet_max_width":0,"ocean_custom_logo_mobile_max_width":0,"ocean_custom_logo_max_height":0,"ocean_custom_logo_tablet_max_height":0,"ocean_custom_logo_mobile_max_height":0,"ocean_header_custom_menu":"0","ocean_menu_typo_font_family":"0","ocean_menu_typo_font_subset":"","ocean_menu_typo_font_size":0,"ocean_menu_typo_font_size_tablet":0,"ocean_menu_typo_font_size_mobile":0,"ocean_menu_typo_font_size_unit":"px","ocean_menu_typo_font_weight":"","ocean_menu_typo_font_weight_tablet":"","ocean_menu_typo_font_weight_mobile":"","ocean_menu_typo_transform":"","ocean_menu_typo_transform_tablet":"","ocean_menu_typo_transform_mobile":"","ocean_menu_typo_line_height":0,"ocean_menu_typo_line_height_tablet":0,"ocean_menu_typo_line_height_mobile":0,"ocean_menu_typo_line_height_unit":"","ocean_menu_typo_spacing":0,"ocean_menu_typo_spacing_tablet":0,"ocean_menu_typo_spacing_mobile":0,"ocean_menu_typo_spacing_unit":"","ocean_menu_link_color":"","ocean_menu_link_color_hover":"","ocean_menu_link_color_active":"","ocean_menu_link_background":"","ocean_menu_link_hover_background":"","ocean_menu_link_active_background":"","ocean_menu_social_links_bg":"","ocean_menu_social_hover_links_bg":"","ocean_menu_social_links_color":"","ocean_menu_social_hover_links_color":"","ocean_disable_title":"default","ocean_disable_heading":"default","ocean_post_title":"","ocean_post_subheading":"","ocean_post_title_style":"","ocean_post_title_background_color":"","ocean_post_title_background":0,"ocean_post_title_bg_image_position":"","ocean_post_title_bg_image_attachment":"","ocean_post_title_bg_image_repeat":"","ocean_post_title_bg_image_size":"","ocean_post_title_height":0,"ocean_post_title_bg_overlay":0.5,"ocean_post_title_bg_overlay_color":"","ocean_disable_breadcrumbs":"default","ocean_breadcrumbs_color":"","ocean_breadcrumbs_separator_color":"","ocean_breadcrumbs_links_color":"","ocean_breadcrumbs_links_hover_color":"","ocean_display_footer_widgets":"default","ocean_display_footer_bottom":"default","ocean_custom_footer_template":"0"},"product_brand":[],"product_cat":[323],"product_tag":[],"class_list":{"0":"post-2801","1":"product","2":"type-product","3":"status-publish","4":"has-post-thumbnail","6":"product_cat-produits-coiffants","7":"product_shipping_class-237","9":"entry","10":"has-media","12":"first","13":"instock","14":"taxable","15":"shipping-taxable","16":"purchasable","17":"product-type-simple","18":"has-product-nav","19":"col","20":"span_1_of_5","21":"owp-content-center","22":"owp-thumbs-layout-horizontal","23":"owp-btn-normal","24":"owp-tabs-layout-horizontal"},"jetpack_sharing_enabled":true,"_links":{"self":[{"href":"https:\/\/particulier.mccp-coiffure-bio.ch\/de\/wp-json\/wp\/v2\/product\/2801","targetHints":{"allow":["GET"]}}],"collection":[{"href":"https:\/\/particulier.mccp-coiffure-bio.ch\/de\/wp-json\/wp\/v2\/product"}],"about":[{"href":"https:\/\/particulier.mccp-coiffure-bio.ch\/de\/wp-json\/wp\/v2\/types\/product"}],"replies":[{"embeddable":true,"href":"https:\/\/particulier.mccp-coiffure-bio.ch\/de\/wp-json\/wp\/v2\/comments?post=2801"}],"version-history":[{"count":1,"href":"https:\/\/particulier.mccp-coiffure-bio.ch\/de\/wp-json\/wp\/v2\/product\/2801\/revisions"}],"predecessor-version":[{"id":5941,"href":"https:\/\/particulier.mccp-coiffure-bio.ch\/de\/wp-json\/wp\/v2\/product\/2801\/revisions\/5941"}],"wp:featuredmedia":[{"embeddable":true,"href":"https:\/\/particulier.mccp-coiffure-bio.ch\/de\/wp-json\/wp\/v2\/media\/2729"}],"wp:attachment":[{"href":"https:\/\/particulier.mccp-coiffure-bio.ch\/de\/wp-json\/wp\/v2\/media?parent=2801"}],"wp:term":[{"taxonomy":"product_brand","embeddable":true,"href":"https:\/\/particulier.mccp-coiffure-bio.ch\/de\/wp-json\/wp\/v2\/product_brand?post=2801"},{"taxonomy":"product_cat","embeddable":true,"href":"https:\/\/particulier.mccp-coiffure-bio.ch\/de\/wp-json\/wp\/v2\/product_cat?post=2801"},{"taxonomy":"product_tag","embeddable":true,"href":"https:\/\/particulier.mccp-coiffure-bio.ch\/de\/wp-json\/wp\/v2\/product_tag?post=2801"}],"curies":[{"name":"wp","href":"https:\/\/api.w.org\/{rel}","templated":true}]}}