{"id":2796,"date":"2024-05-22T10:55:52","date_gmt":"2024-05-22T08:55:52","guid":{"rendered":"https:\/\/particulier.mccp-coiffure-bio.ch\/?post_type=product&#038;p=2796"},"modified":"2025-12-18T18:02:50","modified_gmt":"2025-12-18T17:02:50","slug":"soin-lavant-intime-sans-parfum","status":"publish","type":"product","link":"https:\/\/particulier.mccp-coiffure-bio.ch\/de\/produkt\/soin-lavant-intime-sans-parfum\/","title":{"rendered":"Intimwaschlotion ohne Parfum NATURIGIN 200ml"},"content":{"rendered":"<h2 style=\"text-align: center\">Unsere parf\u00fcmfreie Intimwaschpflege: Ein sensibler, sch\u00fctzender, dreifach zertifizierter und biologischer Ansatz f\u00fcr den Intimbereich.<\/h2>\n<p style=\"text-align: center\">Unser <strong>Parf\u00fcmfreie Intimwaschpflege<\/strong> NATURIGIN ist ein <strong>Intimpflege<\/strong> parf\u00fcmfrei, zertifiziert und veganske f\u00fcr den t\u00e4glichen Gebrauch, Mit zertifiziert biologischer Aloe Vera. Entwickelt, um das nat\u00fcrliche Gleichgewicht des Intimbereichs zu bewahren und den ganzen Tag lang ein Gef\u00fchl von Sauberkeit und Wohlbefinden zu vermitteln. Es besteht aus <strong>Naturprodukte<\/strong> und zertifizierten biologischen Inhaltsstoffen und ist selbst f\u00fcr die empfindlichsten Hauttypen geeignet.<\/p>\n<p style=\"text-align: center\"><strong>Wichtigste Vorteile<\/strong> Asthma, Allergien und \u00dcberempfindlichkeitsreaktionen.<br \/>\nBereit zum t\u00e4glichen Waschen.<br \/>\nStabilisiert den pH-Wert im Intimbereich.<br \/>\nBewertungen und Empfehlungen :<br \/>\nNATURIGIN ist eine Marke, die sich auf Asthma und Allergien spezialisiert hat.<\/p>\n<p>&nbsp;<\/p>\n<h1><strong>Entdecken Sie die Naturigin Intimwaschlotion ohne Parfum - L'Excellence des Soins Bio<\/strong><\/h1>\n<h2><strong>Eine nat\u00fcrliche und sanfte Pflege f\u00fcr Ihre Intimit\u00e4t<\/strong><\/h2>\n<p>Die parf\u00fcmfreie Intimwaschlotion von Naturigin ist eine au\u00dfergew\u00f6hnliche L\u00f6sung f\u00fcr alle, die nach einer nat\u00fcrlichen und kompromisslosen Intimpflege suchen. Das Produkt wurde aus hochwertigen biologischen Inhaltsstoffen entwickelt, um die empfindlichsten Bereiche Ihres K\u00f6rpers zu respektieren und zu sch\u00fctzen. Da es einen parf\u00fcmfreien Ansatz verfolgt, eliminiert es das Risiko von Irritationen, das h\u00e4ufig mit parf\u00fcmierten Produkten verbunden ist, und sorgt so f\u00fcr ein ruhiges und angenehmes Intimpflegeerlebnis.<\/p>\n<p>Naturigin hat es sich zur Aufgabe gemacht, biologische Pflegeprodukte anzubieten, die Ihren K\u00f6rper und die Umwelt schonen. Die parf\u00fcmfreie Intimwaschpflege von Naturigin ist eine echte Revolution im Bereich der Naturkosmetik. Diese Intimpflege, die mit sorgf\u00e4ltig ausgew\u00e4hlten nat\u00fcrlichen Inhaltsstoffen hergestellt wurde, bietet Ihnen unvergleichliche Reinheit und au\u00dfergew\u00f6hnliche Sanftheit.<\/p>\n<h3>Warum sollten Sie sich f\u00fcr die Naturigin Intimwaschlotion ohne Parfum entscheiden?<\/h3>\n<p>Die Intimpflege erfordert besondere Aufmerksamkeit, und die parf\u00fcmfreie Intimwaschlotion von Naturigin erf\u00fcllt diese Anforderungen perfekt. Zus\u00e4tzlich zu seiner nat\u00fcrlichen Formulierung ist dieses Produkt mit beruhigenden Pflanzenextrakten angereichert, die den nat\u00fcrlichen pH-Wert Ihrer Haut respektieren und so helfen, das Gleichgewicht und die Gesundheit Ihrer Intimflora zu erhalten.<\/p>\n<h3>Nat\u00fcrliche Inhaltsstoffe im Dienste Ihres Wohlbefindens<\/h3>\n<p>Jeder Bestandteil der parf\u00fcmfreien Intimwaschpflege von Naturigin wurde aufgrund seiner spezifischen Vorteile ausgew\u00e4hlt. Die Extrakte aus Kamille und Aloe Vera, die f\u00fcr ihre beruhigenden und feuchtigkeitsspendenden Eigenschaften bekannt sind, sorgen f\u00fcr eine sanfte und wirksame Pflege. Das pflanzliche Glyzerin tr\u00e4gt seinerseits zur Aufrechterhaltung einer optimalen Feuchtigkeitsversorgung bei und garantiert so ein angenehmes Gef\u00fchl den ganzen Tag \u00fcber.<\/p>\n<h3>Naturigins Engagement f\u00fcr Natur- und Biokosmetik<\/h3>\n<p>Naturigin ist stolz auf seine Umweltwerte und sein Engagement f\u00fcr biologische Pflegeprodukte. Die parf\u00fcmfreie Intimwaschpflege spiegelt dieses Engagement durch eine Formulierung wider, die frei von aggressiven Chemikalien, Parabenen und Sulfaten ist. Mit Naturigin entscheiden Sie sich f\u00fcr Naturkosmetik, die sich um Ihren K\u00f6rper und unseren Planeten k\u00fcmmert.<\/p>\n<h3>Wie verwende ich Naturigin Intimwaschlotion ohne Parfum?<\/h3>\n<p>F\u00fcr eine optimale Anwendung tragen Sie eine kleine Menge der Naturigin parf\u00fcmfreien Intimwaschpflege auf den nassen Intimbereich auf. Sch\u00e4umen Sie sie sanft auf und sp\u00fclen Sie sie gr\u00fcndlich mit lauwarmem Wasser ab. Diese Pflege kann dank ihrer milden und schonenden Formel t\u00e4glich verwendet werden.<\/p>\n<p><strong>Ingredienzien:<\/strong> Aqua, Aloe Barbadensis Leaf Juice*, Lauryl Glucoside, Sodium Cocoamphoacetate, Lactic Acid, Cocamidopropyl Betaine, Sodium Chloride, Sodium Benzoate, Glycerin, Potassium Sorbate, Sodium Gluconate, Avena Sativa Kernel Extract,* Vaccinium Myrtillus Fruit Extract*, Sorbic Acid.<\/p>\n<p><a href=\"https:\/\/naturigin.com\/\">https:\/\/naturigin.com\/<\/a><\/p>\n<p>finden Sie die Natulique Handserie<\/p>\n<p><a href=\"https:\/\/mccp-coiffure-bio.ch\/soins-mains\/\">https:\/\/mccp-coiffure-bio.ch\/soins-mains\/<\/a><\/p>","protected":false},"excerpt":{"rendered":"<h2><strong>Entdecken Sie die Naturigin Intimwaschlotion ohne Parfum - L'Excellence des Soins Bio<\/strong><\/h2>\n<h2><strong>Eine nat\u00fcrliche und sanfte Pflege f\u00fcr Ihre Intimit\u00e4t<\/strong><\/h2>\n<p>Die parf\u00fcmfreie Intimwaschlotion von Naturigin ist eine au\u00dfergew\u00f6hnliche L\u00f6sung f\u00fcr alle, die nach einer nat\u00fcrlichen und kompromisslosen Intimpflege suchen. Das Produkt wurde aus hochwertigen biologischen Inhaltsstoffen entwickelt, um die empfindlichsten Bereiche Ihres K\u00f6rpers zu respektieren und zu sch\u00fctzen. Da es einen parf\u00fcmfreien Ansatz verfolgt, eliminiert es das Risiko von Irritationen, das h\u00e4ufig mit parf\u00fcmierten Produkten verbunden ist, und sorgt so f\u00fcr ein ruhiges und angenehmes Intimpflegeerlebnis.<\/p>\n<h3><\/h3>\n<p style=\"text-align: left\">Tauchen Sie ein in die Exzellenz der Haarsch\u00f6nheit mit <strong>MCCP BIO-FRISUR<\/strong> Ihr exklusiver Partner f\u00fcr die <strong>Produktvertrieb<\/strong> <strong>Naturigin<\/strong>\u00a0in<strong> Schweiz<\/strong>.<\/p>\n<ul style=\"text-align: left\">\n<li><strong>Bio-Zutaten<\/strong><\/li>\n<li><strong>Vegan<\/strong><\/li>\n<li><strong>Pro-Qualit\u00e4t<\/strong><\/li>\n<li><strong>Recycelbare Verpackung<\/strong><\/li>\n<\/ul>\n<p><img decoding=\"async\" class=\"wp-image-2406 aligncenter\" src=\"https:\/\/particulier.mccp-coiffure-bio.ch\/wp-content\/uploads\/2021\/01\/vegan-society-certification-300x242.png\" alt=\"\" width=\"214\" height=\"172\" srcset=\"https:\/\/particulier.mccp-coiffure-bio.ch\/wp-content\/uploads\/2021\/01\/vegan-society-certification-300x242.png 300w, https:\/\/particulier.mccp-coiffure-bio.ch\/wp-content\/uploads\/2021\/01\/vegan-society-certification.png 529w\" sizes=\"(max-width: 214px) 100vw, 214px\" \/><\/p>","protected":false},"featured_media":2706,"comment_status":"open","ping_status":"closed","template":"","meta":{"ocean_post_layout":"","ocean_both_sidebars_style":"","ocean_both_sidebars_content_width":0,"ocean_both_sidebars_sidebars_width":0,"ocean_sidebar":"0","ocean_second_sidebar":"0","ocean_disable_margins":"enable","ocean_add_body_class":"","ocean_shortcode_before_top_bar":"","ocean_shortcode_after_top_bar":"","ocean_shortcode_before_header":"","ocean_shortcode_after_header":"","ocean_has_shortcode":"","ocean_shortcode_after_title":"","ocean_shortcode_before_footer_widgets":"","ocean_shortcode_after_footer_widgets":"","ocean_shortcode_before_footer_bottom":"","ocean_shortcode_after_footer_bottom":"","ocean_display_top_bar":"default","ocean_display_header":"default","ocean_header_style":"","ocean_center_header_left_menu":"0","ocean_custom_header_template":"0","ocean_custom_logo":0,"ocean_custom_retina_logo":0,"ocean_custom_logo_max_width":0,"ocean_custom_logo_tablet_max_width":0,"ocean_custom_logo_mobile_max_width":0,"ocean_custom_logo_max_height":0,"ocean_custom_logo_tablet_max_height":0,"ocean_custom_logo_mobile_max_height":0,"ocean_header_custom_menu":"0","ocean_menu_typo_font_family":"0","ocean_menu_typo_font_subset":"","ocean_menu_typo_font_size":0,"ocean_menu_typo_font_size_tablet":0,"ocean_menu_typo_font_size_mobile":0,"ocean_menu_typo_font_size_unit":"px","ocean_menu_typo_font_weight":"","ocean_menu_typo_font_weight_tablet":"","ocean_menu_typo_font_weight_mobile":"","ocean_menu_typo_transform":"","ocean_menu_typo_transform_tablet":"","ocean_menu_typo_transform_mobile":"","ocean_menu_typo_line_height":0,"ocean_menu_typo_line_height_tablet":0,"ocean_menu_typo_line_height_mobile":0,"ocean_menu_typo_line_height_unit":"","ocean_menu_typo_spacing":0,"ocean_menu_typo_spacing_tablet":0,"ocean_menu_typo_spacing_mobile":0,"ocean_menu_typo_spacing_unit":"","ocean_menu_link_color":"","ocean_menu_link_color_hover":"","ocean_menu_link_color_active":"","ocean_menu_link_background":"","ocean_menu_link_hover_background":"","ocean_menu_link_active_background":"","ocean_menu_social_links_bg":"","ocean_menu_social_hover_links_bg":"","ocean_menu_social_links_color":"","ocean_menu_social_hover_links_color":"","ocean_disable_title":"default","ocean_disable_heading":"default","ocean_post_title":"","ocean_post_subheading":"","ocean_post_title_style":"","ocean_post_title_background_color":"","ocean_post_title_background":0,"ocean_post_title_bg_image_position":"","ocean_post_title_bg_image_attachment":"","ocean_post_title_bg_image_repeat":"","ocean_post_title_bg_image_size":"","ocean_post_title_height":0,"ocean_post_title_bg_overlay":0.5,"ocean_post_title_bg_overlay_color":"","ocean_disable_breadcrumbs":"default","ocean_breadcrumbs_color":"","ocean_breadcrumbs_separator_color":"","ocean_breadcrumbs_links_color":"","ocean_breadcrumbs_links_hover_color":"","ocean_display_footer_widgets":"default","ocean_display_footer_bottom":"default","ocean_custom_footer_template":"0"},"product_brand":[],"product_cat":[326],"product_tag":[],"class_list":{"0":"post-2796","1":"product","2":"type-product","3":"status-publish","4":"has-post-thumbnail","6":"product_cat-soins-corps","8":"entry","9":"has-media","11":"first","12":"instock","13":"taxable","14":"shipping-taxable","15":"purchasable","16":"product-type-simple","17":"has-product-nav","18":"col","19":"span_1_of_5","20":"owp-content-center","21":"owp-thumbs-layout-horizontal","22":"owp-btn-normal","23":"owp-tabs-layout-horizontal","24":"has-no-thumbnails"},"jetpack_sharing_enabled":true,"_links":{"self":[{"href":"https:\/\/particulier.mccp-coiffure-bio.ch\/de\/wp-json\/wp\/v2\/product\/2796","targetHints":{"allow":["GET"]}}],"collection":[{"href":"https:\/\/particulier.mccp-coiffure-bio.ch\/de\/wp-json\/wp\/v2\/product"}],"about":[{"href":"https:\/\/particulier.mccp-coiffure-bio.ch\/de\/wp-json\/wp\/v2\/types\/product"}],"replies":[{"embeddable":true,"href":"https:\/\/particulier.mccp-coiffure-bio.ch\/de\/wp-json\/wp\/v2\/comments?post=2796"}],"version-history":[{"count":0,"href":"https:\/\/particulier.mccp-coiffure-bio.ch\/de\/wp-json\/wp\/v2\/product\/2796\/revisions"}],"wp:featuredmedia":[{"embeddable":true,"href":"https:\/\/particulier.mccp-coiffure-bio.ch\/de\/wp-json\/wp\/v2\/media\/2706"}],"wp:attachment":[{"href":"https:\/\/particulier.mccp-coiffure-bio.ch\/de\/wp-json\/wp\/v2\/media?parent=2796"}],"wp:term":[{"taxonomy":"product_brand","embeddable":true,"href":"https:\/\/particulier.mccp-coiffure-bio.ch\/de\/wp-json\/wp\/v2\/product_brand?post=2796"},{"taxonomy":"product_cat","embeddable":true,"href":"https:\/\/particulier.mccp-coiffure-bio.ch\/de\/wp-json\/wp\/v2\/product_cat?post=2796"},{"taxonomy":"product_tag","embeddable":true,"href":"https:\/\/particulier.mccp-coiffure-bio.ch\/de\/wp-json\/wp\/v2\/product_tag?post=2796"}],"curies":[{"name":"wp","href":"https:\/\/api.w.org\/{rel}","templated":true}]}}