{"id":2783,"date":"2024-05-22T10:55:51","date_gmt":"2024-05-22T08:55:51","guid":{"rendered":"https:\/\/particulier.mccp-coiffure-bio.ch\/?post_type=product&#038;p=2783"},"modified":"2024-12-05T14:42:43","modified_gmt":"2024-12-05T13:42:43","slug":"natulique-naturigin","status":"publish","type":"product","link":"https:\/\/particulier.mccp-coiffure-bio.ch\/de\/produkt\/natulique-naturigin\/","title":{"rendered":"Natulique \/ Naturigin"},"content":{"rendered":"<p>NATURIGIN stellt Haar- und K\u00f6rperpflegeprodukte f\u00fcr alle her, die sich eine hochwertige Sch\u00f6nheitsroutine w\u00fcnschen, ohne Kompromisse bei ihrer Gesundheit oder der Umwelt einzugehen. Unsere nat\u00fcrlichen Formeln sind mit nordischen Inhaltsstoffen angereichert, die als biologisch zertifiziert sind.<\/p>\n<p>Wir glauben, dass Sch\u00f6nheit nicht nur ein gutes Aussehen ist... Genauso wichtig ist die Pflege! Pflege f\u00fcr sich selbst und f\u00fcr unseren Planeten!<\/p>\n<p>Unser Name, NATURIGIN, ist eine Zusammensetzung aus den W\u00f6rtern Nature (Natur) und Origine (Herkunft).<\/p>\n<p>Das Baumblatt ist ein Symbol f\u00fcr den Beitrag von NATURIGIN zur Sicherung einer gr\u00fcneren Umwelt und f\u00fcr unseren Fokus auf das Wohlbefinden von K\u00f6rper und Geist.<\/p>\n<p>Wir verwenden die saubersten Energiequellen in unserem Herstellungsprozess und die besten Inhaltsstoffe aus der Natur, um eine hohe und exklusive Qualit\u00e4t in allen unseren Produkten zu gew\u00e4hrleisten. Deshalb bestehen unsere Verpackungen aus recyceltem Kunststoff, der aus dem Meer gewonnen wird.<br \/>\nWir sind in D\u00e4nemark geboren und aufgewachsen, inspiriert von den gr\u00fcnen Landschaften Skandinaviens. Wir werden von der nordischen Lebensweise motiviert - sie ist unsere DNA. Innerhalb dieser Parameter haben wir die wertvollsten Kr\u00e4uter und Beeren gefunden, mit denen wir jede unserer Rezepturen bereichern.<\/p>\n<p>Wir sehen keinen Sinn darin, unglaublich leistungsf\u00e4hige Produkte zu entwickeln, wenn sie sich als sch\u00e4dlich f\u00fcr Ihre Gesundheit oder die Umwelt erweisen.<br \/>\nWir wussten von Anfang an, dass wir v\u00f6llig transparent und von anerkannten unabh\u00e4ngigen Organisationen zertifiziert sein m\u00fcssen - Ihre Garantie, dass wir unser Wort halten!<br \/>\nWir verwenden in unseren Rezepturen zertifiziert biologische Inhaltsstoffe. Zertifizierte Produkte signalisieren, dass jeder Inhaltsstoff eingehend gepr\u00fcft wurde und den h\u00f6chsten vorgegebenen Standards entspricht, die von unabh\u00e4ngigen Organisationen festgelegt wurden.<br \/>\nAlle unsere Produkte enthalten zertifizierte biologische Inhaltsstoffe, und die meisten unserer Produkte sind mit einem oder mehreren der folgenden Siegel zertifiziert; The Vegan Society Trademark, The Nordic Swan Ecolabel oder The Asthma-Allergy Nordic Label.<br \/>\nDas eingetragene Warenzeichen der Vegan Society<br \/>\nDie Marke Vegan Society stellt den internationalen Standard f\u00fcr authentische vegane Produkte dar.<br \/>\n- Bescheinigt, dass in keiner Phase der Produktentwicklung tierische Produkte, Nebenprodukte, Derivate oder Tierversuche verwendet werden.<br \/>\n- Stellt einen internationalen Standard f\u00fcr authentische vegane Produkte dar.<br \/>\n- Nur Produkte von hoher Qualit\u00e4t und mit ethischen Standards werden zertifiziert.<br \/>\n- Bescheinigt die Unterst\u00fctzung von NATURIGIN f\u00fcr die vegane Sache und den Tierschutz.<br \/>\nNordic Label Asthma-Allergie<br \/>\nAsthma-Allergy Nordic ist eine Zusammenarbeit zwischen den Asthma- und Allergieorganisationen in D\u00e4nemark, Schweden und Norwegen. Das Etikett macht es einfacher, unn\u00f6tige Chemikalien zu vermeiden und minimiert das Risiko allergischer Reaktionen und der Entwicklung von Allergien.<br \/>\n- W\u00e4hlt sorgf\u00e4ltig Produkte aus, die frei von bekannten Allergenen oder allergieausl\u00f6senden Konservierungsstoffen sind.<br \/>\n- Jeder Inhaltsstoff des Produkts wird von einem Toxikologen bewertet.<br \/>\n- G\u00fcnstig f\u00fcr Menschen mit Hautallergien, Asthma und \u00dcberempfindlichkeit.<br \/>\nDas Umweltzeichen des nordischen Schwans<br \/>\nDas Nordic Swan Ecolabel ist das offizielle nordische Umweltzeichen. Zertifiziert zu werden garantiert, dass das Produkt strenge Umweltauflagen, strenge Anforderungen an die verwendeten Chemikalien und Einschr\u00e4nkungen bei der verwendeten Energie und den Ressourcen erf\u00fcllt.<br \/>\n- Gew\u00e4hrleistung der geringen Umweltauswirkungen von NATURIGIN.<br \/>\n- Legt strenge Umweltanforderungen f\u00fcr alle Phasen der Produktentwicklung fest.<br \/>\n- Legt strenge Anforderungen an die Menge der verwendeten giftigen Chemikalien fest.<br \/>\n- Bescheinigt, dass der Lebenszyklus des Produkts so weit wie m\u00f6glich geschlossen ist.<br \/>\n- Garantiert, dass das Produkt frei von Mikroplastik und mutma\u00dflichen endokrinen Disruptoren ist.<br \/>\nZertifizierte biologische Zutaten<br \/>\nSeit unseren Anf\u00e4ngen im Jahr 2004 bieten wir ges\u00fcndere Produkte mit zertifiziert biologischen Inhaltsstoffen an. Das bedeutet, dass die nat\u00fcrlichen Inhaltsstoffe unserer Produkte von einem unabh\u00e4ngigen Dritten als biologisch zertifiziert wurden. Nat\u00fcrliche und zertifiziert biologische Inhaltsstoffe finden Sie in all unseren Produkten.<\/p>","protected":false},"excerpt":{"rendered":"<p>NATURIGIN cr\u00e9e des produits de soins capillaires et corporels pour tous ceux qui souhaitent avoir une haute routine beaut\u00e9 de qualit\u00e9 sans compromis sur leur sant\u00e9 ou l&#8217;environnement. Nos formules naturelles sont enrichies d&#8217;ingr\u00e9dients nordiques certifi\u00e9s biologiques. Nous croyons que la beaut\u00e9 n&#8217;est pas simplement une belle apparence&#8230; Tout aussi important, il s&#8217;agit de soins! [&hellip;]<\/p>\n","protected":false},"featured_media":2712,"comment_status":"open","ping_status":"closed","template":"","meta":{"ocean_post_layout":"","ocean_both_sidebars_style":"","ocean_both_sidebars_content_width":0,"ocean_both_sidebars_sidebars_width":0,"ocean_sidebar":"0","ocean_second_sidebar":"0","ocean_disable_margins":"enable","ocean_add_body_class":"","ocean_shortcode_before_top_bar":"","ocean_shortcode_after_top_bar":"","ocean_shortcode_before_header":"","ocean_shortcode_after_header":"","ocean_has_shortcode":"","ocean_shortcode_after_title":"","ocean_shortcode_before_footer_widgets":"","ocean_shortcode_after_footer_widgets":"","ocean_shortcode_before_footer_bottom":"","ocean_shortcode_after_footer_bottom":"","ocean_display_top_bar":"default","ocean_display_header":"default","ocean_header_style":"","ocean_center_header_left_menu":"0","ocean_custom_header_template":"0","ocean_custom_logo":0,"ocean_custom_retina_logo":0,"ocean_custom_logo_max_width":0,"ocean_custom_logo_tablet_max_width":0,"ocean_custom_logo_mobile_max_width":0,"ocean_custom_logo_max_height":0,"ocean_custom_logo_tablet_max_height":0,"ocean_custom_logo_mobile_max_height":0,"ocean_header_custom_menu":"0","ocean_menu_typo_font_family":"0","ocean_menu_typo_font_subset":"","ocean_menu_typo_font_size":0,"ocean_menu_typo_font_size_tablet":0,"ocean_menu_typo_font_size_mobile":0,"ocean_menu_typo_font_size_unit":"px","ocean_menu_typo_font_weight":"","ocean_menu_typo_font_weight_tablet":"","ocean_menu_typo_font_weight_mobile":"","ocean_menu_typo_transform":"","ocean_menu_typo_transform_tablet":"","ocean_menu_typo_transform_mobile":"","ocean_menu_typo_line_height":0,"ocean_menu_typo_line_height_tablet":0,"ocean_menu_typo_line_height_mobile":0,"ocean_menu_typo_line_height_unit":"","ocean_menu_typo_spacing":0,"ocean_menu_typo_spacing_tablet":0,"ocean_menu_typo_spacing_mobile":0,"ocean_menu_typo_spacing_unit":"","ocean_menu_link_color":"","ocean_menu_link_color_hover":"","ocean_menu_link_color_active":"","ocean_menu_link_background":"","ocean_menu_link_hover_background":"","ocean_menu_link_active_background":"","ocean_menu_social_links_bg":"","ocean_menu_social_hover_links_bg":"","ocean_menu_social_links_color":"","ocean_menu_social_hover_links_color":"","ocean_disable_title":"default","ocean_disable_heading":"default","ocean_post_title":"","ocean_post_subheading":"","ocean_post_title_style":"","ocean_post_title_background_color":"","ocean_post_title_background":0,"ocean_post_title_bg_image_position":"","ocean_post_title_bg_image_attachment":"","ocean_post_title_bg_image_repeat":"","ocean_post_title_bg_image_size":"","ocean_post_title_height":0,"ocean_post_title_bg_overlay":0.5,"ocean_post_title_bg_overlay_color":"","ocean_disable_breadcrumbs":"default","ocean_breadcrumbs_color":"","ocean_breadcrumbs_separator_color":"","ocean_breadcrumbs_links_color":"","ocean_breadcrumbs_links_hover_color":"","ocean_display_footer_widgets":"default","ocean_display_footer_bottom":"default","ocean_custom_footer_template":"0"},"product_brand":[],"product_cat":[325],"product_tag":[341],"class_list":{"0":"post-2783","1":"product","2":"type-product","3":"status-publish","4":"has-post-thumbnail","6":"product_cat-brosses-et-accessoires-cheveux","7":"product_tag-accessoires-cheveux","9":"entry","10":"has-media","12":"first","13":"instock","14":"taxable","15":"shipping-taxable","16":"product-type-simple","17":"has-product-nav","18":"col","19":"span_1_of_5","20":"owp-content-center","21":"owp-thumbs-layout-horizontal","22":"owp-btn-normal","23":"owp-tabs-layout-horizontal"},"jetpack_sharing_enabled":true,"_links":{"self":[{"href":"https:\/\/particulier.mccp-coiffure-bio.ch\/de\/wp-json\/wp\/v2\/product\/2783","targetHints":{"allow":["GET"]}}],"collection":[{"href":"https:\/\/particulier.mccp-coiffure-bio.ch\/de\/wp-json\/wp\/v2\/product"}],"about":[{"href":"https:\/\/particulier.mccp-coiffure-bio.ch\/de\/wp-json\/wp\/v2\/types\/product"}],"replies":[{"embeddable":true,"href":"https:\/\/particulier.mccp-coiffure-bio.ch\/de\/wp-json\/wp\/v2\/comments?post=2783"}],"version-history":[{"count":0,"href":"https:\/\/particulier.mccp-coiffure-bio.ch\/de\/wp-json\/wp\/v2\/product\/2783\/revisions"}],"wp:featuredmedia":[{"embeddable":true,"href":"https:\/\/particulier.mccp-coiffure-bio.ch\/de\/wp-json\/wp\/v2\/media\/2712"}],"wp:attachment":[{"href":"https:\/\/particulier.mccp-coiffure-bio.ch\/de\/wp-json\/wp\/v2\/media?parent=2783"}],"wp:term":[{"taxonomy":"product_brand","embeddable":true,"href":"https:\/\/particulier.mccp-coiffure-bio.ch\/de\/wp-json\/wp\/v2\/product_brand?post=2783"},{"taxonomy":"product_cat","embeddable":true,"href":"https:\/\/particulier.mccp-coiffure-bio.ch\/de\/wp-json\/wp\/v2\/product_cat?post=2783"},{"taxonomy":"product_tag","embeddable":true,"href":"https:\/\/particulier.mccp-coiffure-bio.ch\/de\/wp-json\/wp\/v2\/product_tag?post=2783"}],"curies":[{"name":"wp","href":"https:\/\/api.w.org\/{rel}","templated":true}]}}