{"id":2178,"date":"2024-03-27T11:44:20","date_gmt":"2024-03-27T10:44:20","guid":{"rendered":"https:\/\/particulier.mccp-coiffure-bio.ch\/?page_id=2178"},"modified":"2025-09-03T11:10:01","modified_gmt":"2025-09-03T09:10:01","slug":"mentions-legales","status":"publish","type":"page","link":"https:\/\/particulier.mccp-coiffure-bio.ch\/de\/mentions-legales\/","title":{"rendered":"Rechtliche Hinweise"},"content":{"rendered":"<div data-elementor-type=\"wp-page\" data-elementor-id=\"2178\" class=\"elementor elementor-2178\">\n\t\t\t\t\t\t<section class=\"elementor-section elementor-top-section elementor-element elementor-element-25d524a elementor-section-boxed elementor-section-height-default elementor-section-height-default jltma-glass-effect-no\" data-id=\"25d524a\" data-element_type=\"section\" data-e-type=\"section\">\n\t\t\t\t\t\t<div class=\"elementor-container elementor-column-gap-default\">\n\t\t\t\t\t<div class=\"elementor-column elementor-col-100 elementor-top-column elementor-element elementor-element-f8a6e61 jltma-glass-effect-no\" data-id=\"f8a6e61\" data-element_type=\"column\" data-e-type=\"column\">\n\t\t\t<div class=\"elementor-widget-wrap elementor-element-populated\">\n\t\t\t\t\t\t<div class=\"elementor-element elementor-element-3a70515 jltma-glass-effect-no elementor-widget elementor-widget-heading\" data-id=\"3a70515\" data-element_type=\"widget\" data-e-type=\"widget\" data-widget_type=\"heading.default\">\n\t\t\t\t<div class=\"elementor-widget-container\">\n\t\t\t\t\t<h1 class=\"elementor-heading-title elementor-size-default\">Rechtliche Hinweise<\/h1>\t\t\t\t<\/div>\n\t\t\t\t<\/div>\n\t\t\t\t\t<\/div>\n\t\t<\/div>\n\t\t\t\t\t<\/div>\n\t\t<\/section>\n\t\t\t\t<section class=\"elementor-section elementor-top-section elementor-element elementor-element-c4227fc elementor-section-boxed elementor-section-height-default elementor-section-height-default jltma-glass-effect-no\" data-id=\"c4227fc\" data-element_type=\"section\" data-e-type=\"section\">\n\t\t\t\t\t\t<div class=\"elementor-container elementor-column-gap-default\">\n\t\t\t\t\t<div class=\"elementor-column elementor-col-100 elementor-top-column elementor-element elementor-element-9a3a490 jltma-glass-effect-no\" data-id=\"9a3a490\" data-element_type=\"column\" data-e-type=\"column\">\n\t\t\t<div class=\"elementor-widget-wrap elementor-element-populated\">\n\t\t\t\t\t\t<div class=\"elementor-element elementor-element-c6a5168 jltma-glass-effect-no elementor-widget elementor-widget-text-editor\" data-id=\"c6a5168\" data-element_type=\"widget\" data-e-type=\"widget\" data-widget_type=\"text-editor.default\">\n\t\t\t\t<div class=\"elementor-widget-container\">\n\t\t\t\t\t\t\t\t\t<p><b>Herausgeber der Website :<\/b><\/p><p>Firma MCCP Distribution SARL IDE-Nummer : CH-344.877.688<\/p><p>Verantwortlich f\u00fcr die Website: EVE FADIER<\/p><p>Telefon: +41 79 811 43 65<\/p><p>E-Mail: info@mccpdistribution.ch<\/p><p>Website: https:\/\/particulier.mccp-coiffure-bio.ch\/<\/p><p><b>Unterbringung :<\/b><\/p><p>Webhoster: OVH<br \/>2 RUE KELLERMANN 59100 ROUBAIX<br \/>Website :\u00a0<a href=\"https:\/\/www.ovh.com\/\">https:\/\/www.ovh.com\/<\/a><\/p><p><b>Entwicklung<\/b><b>\u00a0:<\/b><\/p><p>SAS Havet Digital Mit einem Kapital von 16.000\u20ac<\/p><p>Siret-Nummer: 844 634 667 000 19<\/p><p>Adresse :ARTEPARC , 9 rue des Bouleaux, 59810 LESQUIN\u00a0<\/p><p><span style=\"font-size: 16px;\">Website: HTTPS:\/\/havetdigital.de\/me<\/span><\/p><p><b>Nutzungsbedingungen :<\/b><\/p><p>Diese Website (https:\/\/particulier.mccp-coiffure-bio.ch\/) wird in verschiedenen Websprachen (HTML, HTML5, Javascript, CSS usw.) angeboten. F\u00fcr einen besseren Benutzerkomfort und eine ansprechendere Grafik empfehlen wir Ihnen, moderne Browser wie Internet Explorer, Safari, Firefox, Google Chrome usw. zu verwenden.<\/p><p>Die Website https:\/\/particulier.mccp-coiffure-bio.ch\/ setzt alle ihr zur Verf\u00fcgung stehenden Mittel ein, um zuverl\u00e4ssige Informationen und eine zuverl\u00e4ssige Aktualisierung ihrer Websites zu gew\u00e4hrleisten. Dennoch kann es zu Fehlern oder Auslassungen kommen. Der Internetnutzer sollte sich daher bei , \u00fcber die Richtigkeit der Informationen vergewissern und alle \u00c4nderungen der Website melden, die er f\u00fcr n\u00fctzlich h\u00e4lt. haftet in keinem Fall f\u00fcr die Nutzung dieser Informationen und alle direkten oder indirekten Sch\u00e4den, die daraus entstehen k\u00f6nnen.<\/p><p><b>Cookies<\/b> Die Website https:\/\/particulier.mccp-coiffure-bio.ch\/ kann Sie bitten, Cookies f\u00fcr statistische Zwecke und zur besseren Darstellung zu akzeptieren. Ein Cookie ist eine Information, die vom Server der Website, die Sie besuchen, auf Ihrer Festplatte abgelegt wird. Es enth\u00e4lt mehrere Daten, die auf Ihrem Computer in einer einfachen Textdatei gespeichert werden, auf die ein Server zugreift, um Informationen zu lesen und zu speichern. Einige Teile dieser Website sind ohne die Annahme von Cookies nicht funktionsf\u00e4hig.<\/p><p><b>Erbrachte Dienstleistungen :<\/b><\/p><p>Alle Aktivit\u00e4ten des Unternehmens und seine Informationen sind auf unserer Website https:\/\/particulier.mccp-coiffure-bio.ch\/ dargestellt.<\/p><p>Die Firma MCCP Distribution SARL bem\u00fcht sich, auf der Website https:\/\/particulier.mccp-coiffure-bio.ch\/ m\u00f6glichst genaue Informationen zur Verf\u00fcgung zu stellen. Die Informationen auf der Website https:\/\/particulier.mccp-coiffure-bio.ch\/ sind nicht vollst\u00e4ndig und die Fotos nicht vertraglich bindend. Sie werden unter Vorbehalt von \u00c4nderungen gegeben, die seit ihrer Online-Ver\u00f6ffentlichung vorgenommen wurden. Alle Informationen auf der Website https:\/\/particulier.mccp-coiffure-bio.ch\/ sind unverbindlich und k\u00f6nnen sich ohne Vorank\u00fcndigung \u00e4ndern oder weiterentwickeln.<\/p><p><b>Vertragliche Beschr\u00e4nkungen der Daten :<\/b><\/p><p>Die Informationen auf dieser Website sind so genau wie m\u00f6glich und die Website wird zu verschiedenen Zeiten des Jahres aktualisiert, kann aber dennoch Ungenauigkeiten oder Auslassungen enthalten. Wenn Sie eine L\u00fccke, einen Fehler oder eine scheinbare Fehlfunktion feststellen, melden Sie dies bitte per E-Mail an info@mccpdistribution.ch und beschreiben Sie das Problem so genau wie m\u00f6glich (Seite, auf der das Problem auftritt, Art des verwendeten Computers und Browsers, ...).<\/p><p>Das Herunterladen von Inhalten erfolgt auf Risiko des Nutzers und unter seiner alleinigen Verantwortung. Folglich kann die Website nicht f\u00fcr Sch\u00e4den am Computer des Nutzers oder f\u00fcr Datenverluste infolge des Downloads haftbar gemacht werden. Dar\u00fcber hinaus verpflichtet sich der Nutzer der Website, die Website mit neuem Material, das keine Viren enth\u00e4lt, und mit einem Browser der neuesten Generation aufzurufen, der auf dem neuesten Stand ist.<\/p><p>MCCP Distribution SARL haftet nicht f\u00fcr Hypertext-Links, die im Rahmen dieser Website zu anderen Ressourcen im Internet eingerichtet wurden.<\/p><p><b>Geistiges Eigentum :<\/b><\/p><p>Der gesamte Inhalt der vorliegenden Website https:\/\/particulier.mccp-coiffure-bio.ch\/, einschlie\u00dflich, jedoch nicht beschr\u00e4nkt auf Grafiken, Bilder, Texte, Videos, Animationen, T\u00f6ne, Logos, Gifs und Icons sowie deren Formatierung, ist ausschlie\u00dfliches Eigentum des Unternehmens, mit Ausnahme von Marken, Logos oder Inhalten, die anderen Partnerunternehmen oder Autoren geh\u00f6ren.<\/p><p>Jede auch nur teilweise Vervielf\u00e4ltigung, Verbreitung, \u00c4nderung, Anpassung, Weiterleitung oder Ver\u00f6ffentlichung dieser verschiedenen Elemente ist ohne die ausdr\u00fcckliche schriftliche Genehmigung von MCCP Distribution SARL strengstens untersagt. Diese Darstellung oder Vervielf\u00e4ltigung, gleich durch welches Verfahren, stellt eine F\u00e4lschung dar, die durch die Artikel L.335-2 ff. des Gesetzes \u00fcber geistiges Eigentum sanktioniert wird. Die Nichtbeachtung dieses Verbots stellt eine F\u00e4lschung dar, f\u00fcr die der F\u00e4lscher zivil- und strafrechtlich haftbar gemacht werden kann. Dar\u00fcber hinaus k\u00f6nnten die Eigent\u00fcmer der kopierten Inhalte rechtliche Schritte gegen Sie einleiten.<\/p><p><b>Rechtsstreitigkeiten :<\/b><\/p><p>Die vorliegenden Bedingungen der Website https:\/\/particulier.mccp-coiffure-bio.ch\/ unterliegen den franz\u00f6sischen Gesetzen. F\u00fcr alle Streitigkeiten, die sich aus der Auslegung oder Ausf\u00fchrung dieser Bedingungen ergeben k\u00f6nnten, sind ausschlie\u00dflich die Gerichte zust\u00e4ndig, in deren Zust\u00e4ndigkeitsbereich der Hauptsitz des Unternehmens liegt. Die Referenzsprache f\u00fcr die Beilegung eventueller Streitigkeiten ist Franz\u00f6sisch.<\/p><p><b>Pers\u00f6nliche Daten :<\/b><\/p><p>Im Allgemeinen sind Sie nicht verpflichtet, uns Ihre pers\u00f6nlichen Daten mitzuteilen, wenn Sie unsere Website https:\/\/particulier.mccp-coiffure-bio.ch\/ besuchen.<\/p><p>In jedem Fall k\u00f6nnen Sie die Angabe Ihrer pers\u00f6nlichen Daten verweigern. In diesem Fall k\u00f6nnen Sie die Dienstleistungen der Website nicht nutzen, insbesondere nicht die M\u00f6glichkeit, Informationen \u00fcber unser Unternehmen anzufordern oder Newsletter zu erhalten.<\/p><p>Schlie\u00dflich k\u00f6nnen wir automatisch bestimmte Informationen \u00fcber Sie sammeln, wenn Sie einfach auf unserer Website surfen, insbesondere: Informationen \u00fcber die Nutzung unserer Website, z. B. die Bereiche, die Sie besuchen, und die Dienste, auf die Sie zugreifen, Ihre IP-Adresse, den Typ Ihres Browsers, Ihre Zugriffszeiten.<\/p><p>Solche Informationen werden ausschlie\u00dflich f\u00fcr interne statistische Zwecke verwendet, um die Qualit\u00e4t der Ihnen angebotenen Dienstleistungen zu verbessern. Die Datenbanken sind durch die Bestimmungen des Gesetzes vom 1. Juli 1998 zur Umsetzung der Richtlinie 96\/9 vom 11. M\u00e4rz 1996 \u00fcber den rechtlichen Schutz von Datenbankeni8 gesch\u00fctzt.<\/p>\t\t\t\t\t\t\t\t<\/div>\n\t\t\t\t<\/div>\n\t\t\t\t\t<\/div>\n\t\t<\/div>\n\t\t\t\t\t<\/div>\n\t\t<\/section>\n\t\t\t\t<\/div>","protected":false},"excerpt":{"rendered":"<p>Mentions L\u00e9gales Editeur du Site : Soci\u00e9t\u00e9 MCCP Distribution SARL\u00a0 Num\u00e9ro IDE : CH-344.877.688 Responsable du site : EVE FADIER T\u00e9l\u00e9phone : +41 79 811 43 65 Email : info@mccpdistribution.ch Site Web : https:\/\/particulier.mccp-coiffure-bio.ch\/ H\u00e9bergement : H\u00e9bergeur : OVH2 RUE KELLERMANN 59100 ROUBAIXSite Web :\u00a0https:\/\/www.ovh.com\/ D\u00e9veloppement\u00a0: SAS Havet Digital Au capital de 16 000\u20ac Num\u00e9ro [&hellip;]<\/p>\n","protected":false},"author":1,"featured_media":0,"parent":0,"menu_order":0,"comment_status":"closed","ping_status":"closed","template":"","meta":{"ocean_post_layout":"","ocean_both_sidebars_style":"","ocean_both_sidebars_content_width":0,"ocean_both_sidebars_sidebars_width":0,"ocean_sidebar":"0","ocean_second_sidebar":"0","ocean_disable_margins":"enable","ocean_add_body_class":"","ocean_shortcode_before_top_bar":"","ocean_shortcode_after_top_bar":"","ocean_shortcode_before_header":"","ocean_shortcode_after_header":"","ocean_has_shortcode":"","ocean_shortcode_after_title":"","ocean_shortcode_before_footer_widgets":"","ocean_shortcode_after_footer_widgets":"","ocean_shortcode_before_footer_bottom":"","ocean_shortcode_after_footer_bottom":"","ocean_display_top_bar":"default","ocean_display_header":"default","ocean_header_style":"","ocean_center_header_left_menu":"0","ocean_custom_header_template":"0","ocean_custom_logo":0,"ocean_custom_retina_logo":0,"ocean_custom_logo_max_width":0,"ocean_custom_logo_tablet_max_width":0,"ocean_custom_logo_mobile_max_width":0,"ocean_custom_logo_max_height":0,"ocean_custom_logo_tablet_max_height":0,"ocean_custom_logo_mobile_max_height":0,"ocean_header_custom_menu":"0","ocean_menu_typo_font_family":"0","ocean_menu_typo_font_subset":"","ocean_menu_typo_font_size":0,"ocean_menu_typo_font_size_tablet":0,"ocean_menu_typo_font_size_mobile":0,"ocean_menu_typo_font_size_unit":"px","ocean_menu_typo_font_weight":"","ocean_menu_typo_font_weight_tablet":"","ocean_menu_typo_font_weight_mobile":"","ocean_menu_typo_transform":"","ocean_menu_typo_transform_tablet":"","ocean_menu_typo_transform_mobile":"","ocean_menu_typo_line_height":0,"ocean_menu_typo_line_height_tablet":0,"ocean_menu_typo_line_height_mobile":0,"ocean_menu_typo_line_height_unit":"","ocean_menu_typo_spacing":0,"ocean_menu_typo_spacing_tablet":0,"ocean_menu_typo_spacing_mobile":0,"ocean_menu_typo_spacing_unit":"","ocean_menu_link_color":"","ocean_menu_link_color_hover":"","ocean_menu_link_color_active":"","ocean_menu_link_background":"","ocean_menu_link_hover_background":"","ocean_menu_link_active_background":"","ocean_menu_social_links_bg":"","ocean_menu_social_hover_links_bg":"","ocean_menu_social_links_color":"","ocean_menu_social_hover_links_color":"","ocean_disable_title":"default","ocean_disable_heading":"default","ocean_post_title":"","ocean_post_subheading":"","ocean_post_title_style":"","ocean_post_title_background_color":"","ocean_post_title_background":0,"ocean_post_title_bg_image_position":"","ocean_post_title_bg_image_attachment":"","ocean_post_title_bg_image_repeat":"","ocean_post_title_bg_image_size":"","ocean_post_title_height":0,"ocean_post_title_bg_overlay":0.5,"ocean_post_title_bg_overlay_color":"","ocean_disable_breadcrumbs":"default","ocean_breadcrumbs_color":"","ocean_breadcrumbs_separator_color":"","ocean_breadcrumbs_links_color":"","ocean_breadcrumbs_links_hover_color":"","ocean_display_footer_widgets":"default","ocean_display_footer_bottom":"default","ocean_custom_footer_template":"0","footnotes":""},"class_list":["post-2178","page","type-page","status-publish","hentry","entry","owp-thumbs-layout-horizontal","owp-btn-normal","owp-tabs-layout-horizontal","has-no-thumbnails","has-product-nav"],"jetpack_sharing_enabled":true,"_links":{"self":[{"href":"https:\/\/particulier.mccp-coiffure-bio.ch\/de\/wp-json\/wp\/v2\/pages\/2178","targetHints":{"allow":["GET"]}}],"collection":[{"href":"https:\/\/particulier.mccp-coiffure-bio.ch\/de\/wp-json\/wp\/v2\/pages"}],"about":[{"href":"https:\/\/particulier.mccp-coiffure-bio.ch\/de\/wp-json\/wp\/v2\/types\/page"}],"author":[{"embeddable":true,"href":"https:\/\/particulier.mccp-coiffure-bio.ch\/de\/wp-json\/wp\/v2\/users\/1"}],"replies":[{"embeddable":true,"href":"https:\/\/particulier.mccp-coiffure-bio.ch\/de\/wp-json\/wp\/v2\/comments?post=2178"}],"version-history":[{"count":0,"href":"https:\/\/particulier.mccp-coiffure-bio.ch\/de\/wp-json\/wp\/v2\/pages\/2178\/revisions"}],"wp:attachment":[{"href":"https:\/\/particulier.mccp-coiffure-bio.ch\/de\/wp-json\/wp\/v2\/media?parent=2178"}],"curies":[{"name":"wp","href":"https:\/\/api.w.org\/{rel}","templated":true}]}}